{"id":8461,"date":"2024-03-10T16:58:33","date_gmt":"2024-03-10T13:58:33","guid":{"rendered":"https:\/\/turkeyhistoricaltours.com\/?post_type=product&#038;p=8461"},"modified":"2024-03-10T17:04:23","modified_gmt":"2024-03-10T14:04:23","slug":"7-churches-tour","status":"publish","type":"product","link":"https:\/\/turkeyhistoricaltours.com\/fr\/produit\/7-churches-tour\/","title":{"rendered":"Circuit des 7 \u00e9glises"},"content":{"rendered":"<p>Embarquez pour un voyage \u00e0 travers l'histoire avec notre captivante visite des 7 \u00e9glises !<\/p>\n<p>D\u00e9couvrez les merveilles anciennes et la signification spirituelle des sept \u00e9glises de l'Apocalypse avec Turkey Historical Tour. Notre circuit m\u00e9ticuleusement con\u00e7u vous emm\u00e8ne dans une exploration profonde de ces sites l\u00e9gendaires, offrant un m\u00e9lange unique d'immersion culturelle et d'illumination spirituelle.<\/p>\n<p>En traversant les paysages de la Turquie moderne, vous suivrez les traces des premi\u00e8res communaut\u00e9s chr\u00e9tiennes et plongerez dans la riche tapisserie de l'histoire biblique. De la ville mystique d'\u00c9ph\u00e8se \u00e0 la ville pittoresque de Laodic\u00e9e, chaque \u00e9tape de notre circuit des 7 \u00e9glises d\u00e9voile des couches d'h\u00e9ritage religieux et de splendeur architecturale.<\/p>\n<p>Rejoignez nos guides experts qui vous conduiront \u00e0 travers des ruines vieilles de plusieurs si\u00e8cles, en vous racontant des histoires fascinantes et en vous faisant part de leurs impressions. D\u00e9couvrez la beaut\u00e9 impressionnante des \u00e9glises anciennes, o\u00f9 les \u00e9chos de la foi et de la d\u00e9votion r\u00e9sonnent \u00e0 travers le temps.<\/p>\n<p>Mais notre circuit est plus qu'un simple voyage dans le pass\u00e9 : c'est un p\u00e8lerinage spirituel qui touche le c\u0153ur et l'\u00e2me. Que vous soyez un fervent croyant ou un voyageur curieux en qu\u00eate d'illumination, le circuit des 7 \u00e9glises offre une occasion profonde de r\u00e9flexion et de renouveau.<\/p>\n<p>Immergez-vous dans l'atmosph\u00e8re sacr\u00e9e de ces lieux saints, o\u00f9 les saints et les martyrs ont march\u00e9 et o\u00f9 l'h\u00e9ritage du christianisme est n\u00e9. Ressentez l'\u00e9nergie spirituelle qui impr\u00e8gne chaque lieu, reliant le pass\u00e9 et le pr\u00e9sent dans une \u00e9treinte intemporelle.<\/p>\n<p>Avec [Tur Firmas\u0131 \u0130smi], vous b\u00e9n\u00e9ficierez d'une exp\u00e9rience de voyage sans faille, avec des itin\u00e9raires planifi\u00e9s par des experts, des h\u00e9bergements confortables et une attention personnalis\u00e9e \u00e0 chaque \u00e9tape. Laissez-nous vous guider dans ce voyage transformateur \u00e0 travers la foi et l'histoire.<\/p>\n<p>Ne manquez pas l'occasion de vous lancer dans l'aventure de votre vie. R\u00e9servez d\u00e8s aujourd'hui votre circuit des 7 \u00e9glises avec nous et d\u00e9couvrez la beaut\u00e9 et la signification profondes de ces sites anciens.<\/p>","protected":false},"excerpt":{"rendered":"<p>Bienvenue dans la merveille antique d'\u00c9ph\u00e8se !<\/p>\n<p>D\u00e9couvrez la beaut\u00e9 intemporelle et la riche histoire d'\u00c9ph\u00e8se gr\u00e2ce \u00e0 nos services touristiques sp\u00e9cialis\u00e9s. L'\u00e9quipe de [Tur Firmas\u0131 \u0130smi] s'engage \u00e0 vous offrir un voyage inoubliable \u00e0 travers ce site arch\u00e9ologique remarquable.<\/p>","protected":false},"featured_media":8462,"comment_status":"open","ping_status":"closed","template":"","meta":[],"product_cat":[50],"product_tag":[],"class_list":{"0":"post-8461","1":"product","2":"type-product","3":"status-publish","4":"has-post-thumbnail","6":"product_cat-tour","8":"first","9":"instock","10":"featured","11":"shipping-taxable","12":"purchasable","13":"product-type-ovabrw_car_rental"},"_links":{"self":[{"href":"https:\/\/turkeyhistoricaltours.com\/fr\/wp-json\/wp\/v2\/product\/8461","targetHints":{"allow":["GET"]}}],"collection":[{"href":"https:\/\/turkeyhistoricaltours.com\/fr\/wp-json\/wp\/v2\/product"}],"about":[{"href":"https:\/\/turkeyhistoricaltours.com\/fr\/wp-json\/wp\/v2\/types\/product"}],"replies":[{"embeddable":true,"href":"https:\/\/turkeyhistoricaltours.com\/fr\/wp-json\/wp\/v2\/comments?post=8461"}],"version-history":[{"count":2,"href":"https:\/\/turkeyhistoricaltours.com\/fr\/wp-json\/wp\/v2\/product\/8461\/revisions"}],"predecessor-version":[{"id":8470,"href":"https:\/\/turkeyhistoricaltours.com\/fr\/wp-json\/wp\/v2\/product\/8461\/revisions\/8470"}],"wp:featuredmedia":[{"embeddable":true,"href":"https:\/\/turkeyhistoricaltours.com\/fr\/wp-json\/wp\/v2\/media\/8462"}],"wp:attachment":[{"href":"https:\/\/turkeyhistoricaltours.com\/fr\/wp-json\/wp\/v2\/media?parent=8461"}],"wp:term":[{"taxonomy":"product_cat","embeddable":true,"href":"https:\/\/turkeyhistoricaltours.com\/fr\/wp-json\/wp\/v2\/product_cat?post=8461"},{"taxonomy":"product_tag","embeddable":true,"href":"https:\/\/turkeyhistoricaltours.com\/fr\/wp-json\/wp\/v2\/product_tag?post=8461"}],"curies":[{"name":"wp","href":"https:\/\/api.w.org\/{rel}","templated":true}]}}