{"id":8456,"date":"2024-03-10T16:55:04","date_gmt":"2024-03-10T13:55:04","guid":{"rendered":"https:\/\/turkeyhistoricaltours.com\/?post_type=product&#038;p=8456"},"modified":"2024-03-10T17:05:20","modified_gmt":"2024-03-10T14:05:20","slug":"ephesus-ancient-city-tour","status":"publish","type":"product","link":"https:\/\/turkeyhistoricaltours.com\/fr\/produit\/ephesus-ancient-city-tour\/","title":{"rendered":"Visite de la ville antique d'\u00c9ph\u00e8se"},"content":{"rendered":"<p>Bienvenue dans la merveille antique d'\u00c9ph\u00e8se !<\/p>\n<p>D\u00e9couvrez la beaut\u00e9 intemporelle et la riche histoire d'\u00c9ph\u00e8se gr\u00e2ce \u00e0 nos services touristiques sp\u00e9cialis\u00e9s. Notre \u00e9quipe \u00e0 <em><strong>Circuit historique en Turquie<\/strong><\/em> s'engage \u00e0 vous offrir un voyage inoubliable \u00e0 travers ce site arch\u00e9ologique remarquable.<\/p>\n<p>Lors de votre visite d'Eph\u00e8se Antik Kenti, pr\u00e9parez-vous \u00e0 \u00eatre transport\u00e9 dans le temps, \u00e0 l'\u00e9poque des anciennes civilisations. Avec nos guides experts, vous d\u00e9couvrirez les myst\u00e8res de cette ville autrefois grandiose, en marchant sur les traces des Grecs, des Romains et des Byzantins de l'Antiquit\u00e9.<\/p>\n<p>Notre service de visite d'\u00c9ph\u00e8se Antik Kenti vous offre la possibilit\u00e9 d'explorer tous les recoins de ce site class\u00e9 au patrimoine mondial de l'UNESCO. De l'embl\u00e9matique biblioth\u00e8que de Celsus au grand th\u00e9\u00e2tre, chaque monument renferme une histoire qui ne demande qu'\u00e0 \u00eatre racont\u00e9e. Laissez nos guides comp\u00e9tents vous faire revivre l'histoire en vous guidant dans les rues anciennes, r\u00e9v\u00e9lant les secrets d'\u00c9ph\u00e8se \u00e0 chaque tournant.<\/p>\n<p>Que vous soyez un passionn\u00e9 d'histoire, un f\u00e9ru d'arch\u00e9ologie ou simplement un voyageur curieux, notre circuit Ephesus Antik Kenti vous promet une exp\u00e9rience enrichissante \u00e0 nulle autre pareille. Plongez dans la splendeur de l'antiquit\u00e9 en vous promenant dans les ruines bien pr\u00e9serv\u00e9es et en vous \u00e9merveillant devant les prouesses techniques du pass\u00e9.<\/p>\n<p>Gr\u00e2ce \u00e0 nos forfaits touristiques sur mesure, comprenant des guides priv\u00e9s et des experts historiques, vous aurez la possibilit\u00e9 de personnaliser votre exp\u00e9rience d'Eph\u00e8se Antik Kenti en fonction de vos int\u00e9r\u00eats et de vos pr\u00e9f\u00e9rences. Notre \u00e9quipe s'engage \u00e0 faire en sorte que votre voyage \u00e0 \u00c9ph\u00e8se soit \u00e0 la fois instructif et agr\u00e9able, et qu'il vous laisse des souvenirs que vous ch\u00e9rirez toute votre vie.<\/p>\n<p>Ne manquez pas l'occasion d'explorer l'un des sites arch\u00e9ologiques les plus fascinants au monde. R\u00e9servez d\u00e8s aujourd'hui votre circuit Eph\u00e8se Antik Kenti avec nous et embarquez pour une aventure inoubliable \u00e0 travers l'histoire.<\/p>","protected":false},"excerpt":{"rendered":"<p>Bienvenue dans la merveille antique d'\u00c9ph\u00e8se !<\/p>\n<p>D\u00e9couvrez la beaut\u00e9 intemporelle et la riche histoire d'\u00c9ph\u00e8se gr\u00e2ce \u00e0 nos services touristiques sp\u00e9cialis\u00e9s. L'\u00e9quipe de [Tur Firmas\u0131 \u0130smi] s'engage \u00e0 vous offrir un voyage inoubliable \u00e0 travers ce site arch\u00e9ologique remarquable.<\/p>","protected":false},"featured_media":8459,"comment_status":"open","ping_status":"closed","template":"","meta":[],"product_cat":[50],"product_tag":[],"class_list":{"0":"post-8456","1":"product","2":"type-product","3":"status-publish","4":"has-post-thumbnail","6":"product_cat-tour","8":"first","9":"instock","10":"featured","11":"shipping-taxable","12":"purchasable","13":"product-type-ovabrw_car_rental"},"_links":{"self":[{"href":"https:\/\/turkeyhistoricaltours.com\/fr\/wp-json\/wp\/v2\/product\/8456","targetHints":{"allow":["GET"]}}],"collection":[{"href":"https:\/\/turkeyhistoricaltours.com\/fr\/wp-json\/wp\/v2\/product"}],"about":[{"href":"https:\/\/turkeyhistoricaltours.com\/fr\/wp-json\/wp\/v2\/types\/product"}],"replies":[{"embeddable":true,"href":"https:\/\/turkeyhistoricaltours.com\/fr\/wp-json\/wp\/v2\/comments?post=8456"}],"version-history":[{"count":2,"href":"https:\/\/turkeyhistoricaltours.com\/fr\/wp-json\/wp\/v2\/product\/8456\/revisions"}],"predecessor-version":[{"id":8471,"href":"https:\/\/turkeyhistoricaltours.com\/fr\/wp-json\/wp\/v2\/product\/8456\/revisions\/8471"}],"wp:featuredmedia":[{"embeddable":true,"href":"https:\/\/turkeyhistoricaltours.com\/fr\/wp-json\/wp\/v2\/media\/8459"}],"wp:attachment":[{"href":"https:\/\/turkeyhistoricaltours.com\/fr\/wp-json\/wp\/v2\/media?parent=8456"}],"wp:term":[{"taxonomy":"product_cat","embeddable":true,"href":"https:\/\/turkeyhistoricaltours.com\/fr\/wp-json\/wp\/v2\/product_cat?post=8456"},{"taxonomy":"product_tag","embeddable":true,"href":"https:\/\/turkeyhistoricaltours.com\/fr\/wp-json\/wp\/v2\/product_tag?post=8456"}],"curies":[{"name":"wp","href":"https:\/\/api.w.org\/{rel}","templated":true}]}}