{"id":8364,"date":"2024-02-11T22:59:03","date_gmt":"2024-02-11T19:59:03","guid":{"rendered":"https:\/\/turkeyhistoricaltours.com\/?post_type=product&#038;p=8364"},"modified":"2024-03-09T03:26:50","modified_gmt":"2024-03-09T00:26:50","slug":"kapadokya-tour","status":"publish","type":"product","link":"https:\/\/turkeyhistoricaltours.com\/fr\/produit\/kapadokya-tour\/","title":{"rendered":"Tour de Kapadokya"},"content":{"rendered":"<p><strong>D\u00e9couvrez l'enchantement de la Cappadoce<\/strong><\/p>\n<p>Nich\u00e9e au c\u0153ur de la Turquie, la Cappadoce est une r\u00e9gion unique en son genre, qui s\u00e9duit les visiteurs par ses paysages surr\u00e9alistes, son histoire ancienne et son patrimoine culturel unique. R\u00e9put\u00e9e pour ses chemin\u00e9es de f\u00e9es, ses habitations troglodytes et ses formations rocheuses d'un autre monde, la Cappadoce est un tr\u00e9sor de merveilles qui ne demande qu'\u00e0 \u00eatre explor\u00e9.<\/p>\n<p>L'une des caract\u00e9ristiques les plus embl\u00e9matiques de la Cappadoce est la pr\u00e9sence de chemin\u00e9es de f\u00e9es, de hautes formations rocheuses en forme de c\u00f4ne qui pars\u00e8ment le paysage. Sculpt\u00e9es par des si\u00e8cles de vent et d'\u00e9rosion, ces formations g\u00e9ologiques cr\u00e9ent une sc\u00e8ne envo\u00fbtante, en particulier au lever et au coucher du soleil, lorsqu'elles sont baign\u00e9es d'une lumi\u00e8re dor\u00e9e.<\/p>\n<p>Les grottes et les villes souterraines qui pars\u00e8ment la r\u00e9gion sont tout aussi captivantes. Datant de plusieurs milliers d'ann\u00e9es, ces anciens \u00e9tablissements servaient de maisons, d'\u00e9glises et m\u00eame de villes enti\u00e8res creus\u00e9es dans la roche volcanique tendre. L'exploration de ces complexes souterrains donne un aper\u00e7u de l'ing\u00e9niosit\u00e9 et de la r\u00e9sistance des civilisations pass\u00e9es.<\/p>\n<p>La riche histoire de la Cappadoce est \u00e9galement \u00e9vidente dans ses nombreuses \u00e9glises taill\u00e9es dans le roc et ses chapelles rupestres orn\u00e9es de fresques. Orn\u00e9s d'\u0153uvres d'art byzantines complexes, ces joyaux cach\u00e9s donnent un aper\u00e7u de l'h\u00e9ritage religieux et culturel de la r\u00e9gion.<\/p>\n<p>Pour les voyageurs aventureux, la Cappadoce offre une multitude d'activit\u00e9s de plein air, depuis les vols en montgolfi\u00e8re au-dessus du paysage surr\u00e9aliste jusqu'aux randonn\u00e9es p\u00e9destres et \u00e9questres dans les vall\u00e9es pittoresques. Le terrain accident\u00e9 de la r\u00e9gion et les panoramas \u00e0 couper le souffle constituent la toile de fond id\u00e9ale pour des aventures inoubliables.<\/p>\n<p>En plus de ses attractions naturelles et historiques, la Cappadoce se targue d'une sc\u00e8ne culturelle dynamique, avec des march\u00e9s anim\u00e9s, de la musique folklorique traditionnelle et une cuisine exquise. Go\u00fbtez aux d\u00e9lices locaux tels que le testi kebab\u0131 (brochette de poterie) et le g\u00f6zleme (pain plat farci) tout en vous impr\u00e9gnant de l'hospitalit\u00e9 chaleureuse des habitants.<\/p>\n<p>Que vous soyez f\u00e9ru d'histoire, d'aventure ou simplement \u00e0 la recherche d'une beaut\u00e9 in\u00e9gal\u00e9e, la Cappadoce a quelque chose \u00e0 offrir \u00e0 chacun. Avec ses paysages d'un autre monde et son riche patrimoine culturel, cette r\u00e9gion captivante invite les visiteurs \u00e0 s'embarquer pour un voyage de d\u00e9couverte sans pr\u00e9c\u00e9dent.<\/p>","protected":false},"excerpt":{"rendered":"<p>Nich\u00e9e au c\u0153ur de la Turquie, la Cappadoce est une r\u00e9gion unique en son genre, qui s\u00e9duit les visiteurs par ses paysages surr\u00e9alistes, son histoire ancienne et son patrimoine culturel unique. R\u00e9put\u00e9e pour ses chemin\u00e9es de f\u00e9es, ses habitations troglodytes et ses formations rocheuses d'un autre monde, la Cappadoce est un tr\u00e9sor de merveilles qui ne demande qu'\u00e0 \u00eatre explor\u00e9.<\/p>","protected":false},"featured_media":8366,"comment_status":"open","ping_status":"closed","template":"","meta":[],"product_cat":[50],"product_tag":[],"class_list":{"0":"post-8364","1":"product","2":"type-product","3":"status-publish","4":"has-post-thumbnail","6":"product_cat-tour","8":"first","9":"instock","10":"featured","11":"shipping-taxable","12":"purchasable","13":"product-type-ovabrw_car_rental"},"_links":{"self":[{"href":"https:\/\/turkeyhistoricaltours.com\/fr\/wp-json\/wp\/v2\/product\/8364","targetHints":{"allow":["GET"]}}],"collection":[{"href":"https:\/\/turkeyhistoricaltours.com\/fr\/wp-json\/wp\/v2\/product"}],"about":[{"href":"https:\/\/turkeyhistoricaltours.com\/fr\/wp-json\/wp\/v2\/types\/product"}],"replies":[{"embeddable":true,"href":"https:\/\/turkeyhistoricaltours.com\/fr\/wp-json\/wp\/v2\/comments?post=8364"}],"version-history":[{"count":1,"href":"https:\/\/turkeyhistoricaltours.com\/fr\/wp-json\/wp\/v2\/product\/8364\/revisions"}],"predecessor-version":[{"id":8369,"href":"https:\/\/turkeyhistoricaltours.com\/fr\/wp-json\/wp\/v2\/product\/8364\/revisions\/8369"}],"wp:featuredmedia":[{"embeddable":true,"href":"https:\/\/turkeyhistoricaltours.com\/fr\/wp-json\/wp\/v2\/media\/8366"}],"wp:attachment":[{"href":"https:\/\/turkeyhistoricaltours.com\/fr\/wp-json\/wp\/v2\/media?parent=8364"}],"wp:term":[{"taxonomy":"product_cat","embeddable":true,"href":"https:\/\/turkeyhistoricaltours.com\/fr\/wp-json\/wp\/v2\/product_cat?post=8364"},{"taxonomy":"product_tag","embeddable":true,"href":"https:\/\/turkeyhistoricaltours.com\/fr\/wp-json\/wp\/v2\/product_tag?post=8364"}],"curies":[{"name":"wp","href":"https:\/\/api.w.org\/{rel}","templated":true}]}}