{"id":8346,"date":"2024-02-11T19:57:21","date_gmt":"2024-02-11T16:57:21","guid":{"rendered":"https:\/\/turkeyhistoricaltours.com\/?post_type=product&#038;p=8346"},"modified":"2024-03-09T03:25:18","modified_gmt":"2024-03-09T00:25:18","slug":"pamukkale-tour","status":"publish","type":"product","link":"https:\/\/turkeyhistoricaltours.com\/fr\/produit\/pamukkale-tour\/","title":{"rendered":"Visite de Pamukkale"},"content":{"rendered":"<p><strong>La magie du blanc : Pamukkale<\/strong><\/p>\n<p>Pamukkale, la perle de la mer \u00c9g\u00e9e, est une destination mondialement connue pour sa beaut\u00e9 naturelle et son importance historique. Situ\u00e9 dans la partie occidentale de la Turquie, \u00e0 l'int\u00e9rieur des fronti\u00e8res de la province de Denizli, cet endroit magnifique attire chaque ann\u00e9e des milliers de touristes avec ses eaux thermales, ses terrasses de travertin et ses ruines antiques.<\/p>\n<p>La caract\u00e9ristique la plus frappante de Pamukkale est la blancheur de ses terrasses de travertin. Form\u00e9 au fil du temps par le d\u00e9p\u00f4t de carbonate de calcium provenant d'eaux souterraines riches en min\u00e9raux, ce spectacle unique ressemble \u00e0 un champ de coton. Cette merveille naturelle a gagn\u00e9 sa place sur la liste du patrimoine mondial de l'UNESCO, symbolisant son importance mondiale pour la pr\u00e9servation.<\/p>\n<p>C\u00e9l\u00e8bres pour leurs sources thermales, les eaux chaudes de Pamukkale sont une source de gu\u00e9rison et de relaxation depuis des mill\u00e9naires. Ces sources riches en min\u00e9raux sont cens\u00e9es soulager de nombreux probl\u00e8mes de sant\u00e9, allant des affections cutan\u00e9es aux rhumatismes. La croyance dans les propri\u00e9t\u00e9s th\u00e9rapeutiques de ces eaux thermales remonte \u00e0 l'Antiquit\u00e9 et continue d'attirer les visiteurs en qu\u00eate de rajeunissement.<\/p>\n<p>Riche en histoire, Pamukkale abrite la cit\u00e9 antique de Hi\u00e9rapolis. Fond\u00e9e \u00e0 l'\u00e9poque de l'Empire romain, cette cit\u00e9 antique porte les traces de nombreuses civilisations. Le th\u00e9\u00e2tre antique, les thermes romains, le nymph\u00e9e et les ruines de divers temples plongent les visiteurs dans la splendeur de l'antiquit\u00e9.<\/p>\n<p>Les visiteurs de Pamukkale se d\u00e9lectent non seulement de ses merveilles naturelles et historiques, mais ont \u00e9galement l'occasion de d\u00e9couvrir la riche culture de la r\u00e9gion. Go\u00fbtez aux sp\u00e9cialit\u00e9s locales, d\u00e9couvrez les ateliers d'artisanat traditionnel et impr\u00e9gnez-vous de l'hospitalit\u00e9 de la population locale.<\/p>\n<p>Pamukkale peut \u00eatre visit\u00e9 toute l'ann\u00e9e, mais les p\u00e9riodes les plus favorables sont le printemps et l'automne, lorsque les temp\u00e9ratures sont plus douces et que les touristes sont moins nombreux.<\/p>\n<p>Pamukkale, l'une des merveilles naturelles les plus captivantes de Turquie, offre aux visiteurs une exp\u00e9rience unique. Ce lieu extraordinaire, o\u00f9 la nature et l'histoire se rejoignent, continue d'enchanter tous ceux qui cherchent \u00e0 cr\u00e9er des souvenirs inoubliables.<\/p>","protected":false},"excerpt":{"rendered":"<p>Pamukkale, la perle de la mer \u00c9g\u00e9e, est une destination mondialement connue pour sa beaut\u00e9 naturelle et son importance historique. Situ\u00e9 dans la partie occidentale de la Turquie, \u00e0 l'int\u00e9rieur des fronti\u00e8res de la province de Denizli, cet endroit magnifique attire chaque ann\u00e9e des milliers de touristes avec ses eaux thermales, ses terrasses de travertin et ses ruines antiques.<\/p>","protected":false},"featured_media":8349,"comment_status":"open","ping_status":"closed","template":"","meta":[],"product_cat":[50],"product_tag":[],"class_list":{"0":"post-8346","1":"product","2":"type-product","3":"status-publish","4":"has-post-thumbnail","6":"product_cat-tour","8":"first","9":"instock","10":"featured","11":"shipping-taxable","12":"purchasable","13":"product-type-ovabrw_car_rental"},"_links":{"self":[{"href":"https:\/\/turkeyhistoricaltours.com\/fr\/wp-json\/wp\/v2\/product\/8346","targetHints":{"allow":["GET"]}}],"collection":[{"href":"https:\/\/turkeyhistoricaltours.com\/fr\/wp-json\/wp\/v2\/product"}],"about":[{"href":"https:\/\/turkeyhistoricaltours.com\/fr\/wp-json\/wp\/v2\/types\/product"}],"replies":[{"embeddable":true,"href":"https:\/\/turkeyhistoricaltours.com\/fr\/wp-json\/wp\/v2\/comments?post=8346"}],"version-history":[{"count":2,"href":"https:\/\/turkeyhistoricaltours.com\/fr\/wp-json\/wp\/v2\/product\/8346\/revisions"}],"predecessor-version":[{"id":8352,"href":"https:\/\/turkeyhistoricaltours.com\/fr\/wp-json\/wp\/v2\/product\/8346\/revisions\/8352"}],"wp:featuredmedia":[{"embeddable":true,"href":"https:\/\/turkeyhistoricaltours.com\/fr\/wp-json\/wp\/v2\/media\/8349"}],"wp:attachment":[{"href":"https:\/\/turkeyhistoricaltours.com\/fr\/wp-json\/wp\/v2\/media?parent=8346"}],"wp:term":[{"taxonomy":"product_cat","embeddable":true,"href":"https:\/\/turkeyhistoricaltours.com\/fr\/wp-json\/wp\/v2\/product_cat?post=8346"},{"taxonomy":"product_tag","embeddable":true,"href":"https:\/\/turkeyhistoricaltours.com\/fr\/wp-json\/wp\/v2\/product_tag?post=8346"}],"curies":[{"name":"wp","href":"https:\/\/api.w.org\/{rel}","templated":true}]}}