{"id":8175,"date":"2023-12-01T15:40:01","date_gmt":"2023-12-01T12:40:01","guid":{"rendered":"https:\/\/turkeyhistoricaltours.com\/?post_type=product&#038;p=8175"},"modified":"2024-02-11T20:31:18","modified_gmt":"2024-02-11T17:31:18","slug":"sultanahmet-mosque","status":"publish","type":"product","link":"https:\/\/turkeyhistoricaltours.com\/fr\/produit\/sultanahmet-mosque\/","title":{"rendered":"Mosqu\u00e9e de Sultanahmet"},"content":{"rendered":"<p><strong>Mosqu\u00e9e de Sultanahmet : Un joyau de l'horizon d'Istanbul<\/strong><\/p>\n<p>La mosqu\u00e9e de Sultanahmet, \u00e9galement connue sous le nom de Mosqu\u00e9e bleue, est l'un des sites les plus embl\u00e9matiques et les plus \u00e9poustouflants d'Istanbul, en Turquie. Cette magnifique mosqu\u00e9e, dont l'int\u00e9rieur est recouvert de carreaux bleus et qui compte six minarets imposants, t\u00e9moigne de la richesse de l'histoire et de la splendeur architecturale de la ville.<\/p>\n<p><strong>Importance historique :<\/strong> Construite au d\u00e9but du XVIIe si\u00e8cle, sous le r\u00e8gne du sultan Ahmed Ier, la mosqu\u00e9e de Sultanahmet a \u00e9t\u00e9 con\u00e7ue pour rivaliser avec la basilique Sainte-Sophie, situ\u00e9e \u00e0 proximit\u00e9. Sa construction \u00e9tait un geste grandiose de richesse et de pouvoir imp\u00e9rial, et elle reste un symbole des r\u00e9alisations culturelles et architecturales de l'Empire ottoman.<\/p>\n<p><strong>Marvel Architectural :<\/strong> La Mosqu\u00e9e bleue est r\u00e9put\u00e9e pour son architecture \u00e9tonnante, avec un d\u00f4me central flanqu\u00e9 de d\u00f4mes plus petits et de demi-d\u00f4mes, cr\u00e9ant un sentiment de grandeur et d'espace. L'int\u00e9rieur est orn\u00e9 de carreaux bleus exquis, de calligraphies et de motifs floraux complexes, qui ont donn\u00e9 \u00e0 la mosqu\u00e9e son surnom.<\/p>\n<p><strong>Six minarets :<\/strong> L'une des caract\u00e9ristiques les plus marquantes de la mosqu\u00e9e est la pr\u00e9sence de six minarets imposants, un ph\u00e9nom\u00e8ne rare dans l'architecture islamique. La l\u00e9gende veut que le sultan ait command\u00e9 six minarets pour la mosqu\u00e9e, rejoignant ainsi involontairement le nombre de minarets de la Grande Mosqu\u00e9e de La Mecque. Cela a entra\u00een\u00e9 un incident diplomatique qui a finalement \u00e9t\u00e9 r\u00e9solu.<\/p>\n<p><strong>Visite de la mosqu\u00e9e :<\/strong> Les visiteurs de la Mosqu\u00e9e bleue sont invit\u00e9s \u00e0 explorer son superbe int\u00e9rieur, mais il est important de tenir compte des heures de pri\u00e8re pendant lesquelles la mosqu\u00e9e est ferm\u00e9e aux touristes. Une tenue modeste est exig\u00e9e, et les femmes re\u00e7oivent des foulards pour se couvrir la t\u00eate si n\u00e9cessaire. La vaste cour de la mosqu\u00e9e et le parc qui l'entoure offrent un cadre paisible pour admirer l'ext\u00e9rieur et les vues panoramiques d'Istanbul.<\/p>\n<p><strong>Informations pratiques :<\/strong><\/p>\n<ul>\n<li>Adresse : Sultan Ahmet Mahallesi, Atmeydan\u0131 Cd. No:7, 34122 Fatih\/\u0130stanbul, Turquie.<\/li>\n<li>Heures d'ouverture : La mosqu\u00e9e est ouverte aux visiteurs en dehors des heures de pri\u00e8re. Elle est ferm\u00e9e aux touristes pendant les cinq s\u00e9ances de pri\u00e8re quotidiennes. Veuillez v\u00e9rifier les heures d'ouverture sp\u00e9cifiques avant votre visite.<\/li>\n<li>Entr\u00e9e : La visite de la mosqu\u00e9e est gratuite, mais les dons sont appr\u00e9ci\u00e9s pour contribuer \u00e0 son entretien et \u00e0 sa restauration.<\/li>\n<\/ul>\n<p>La mosqu\u00e9e de Sultanahmet, avec son m\u00e9lange \u00e9tonnant d'histoire, d'architecture et de spiritualit\u00e9, est une destination incontournable pour les voyageurs qui se rendent \u00e0 Istanbul. Elle est \u00e0 la fois un lieu de culte et un symbole de l'h\u00e9ritage culturel et historique durable de la ville, accueillant des visiteurs du monde entier pour s'\u00e9merveiller de sa beaut\u00e9 et de son importance.<\/p>","protected":false},"excerpt":{"rendered":"<p>La mosqu\u00e9e de Sultanahmet, \u00e9galement connue sous le nom de Mosqu\u00e9e bleue, est l'un des sites les plus embl\u00e9matiques et les plus \u00e9poustouflants d'Istanbul, en Turquie. Cette magnifique mosqu\u00e9e, dont l'int\u00e9rieur est recouvert de carreaux bleus et qui compte six minarets imposants, t\u00e9moigne de la richesse de l'histoire et de la splendeur architecturale de la ville.<\/p>","protected":false},"featured_media":8192,"comment_status":"open","ping_status":"closed","template":"","meta":[],"product_cat":[50],"product_tag":[],"class_list":{"0":"post-8175","1":"product","2":"type-product","3":"status-publish","4":"has-post-thumbnail","6":"product_cat-tour","8":"first","9":"instock","10":"featured","11":"shipping-taxable","12":"purchasable","13":"product-type-ovabrw_car_rental"},"_links":{"self":[{"href":"https:\/\/turkeyhistoricaltours.com\/fr\/wp-json\/wp\/v2\/product\/8175","targetHints":{"allow":["GET"]}}],"collection":[{"href":"https:\/\/turkeyhistoricaltours.com\/fr\/wp-json\/wp\/v2\/product"}],"about":[{"href":"https:\/\/turkeyhistoricaltours.com\/fr\/wp-json\/wp\/v2\/types\/product"}],"replies":[{"embeddable":true,"href":"https:\/\/turkeyhistoricaltours.com\/fr\/wp-json\/wp\/v2\/comments?post=8175"}],"version-history":[{"count":1,"href":"https:\/\/turkeyhistoricaltours.com\/fr\/wp-json\/wp\/v2\/product\/8175\/revisions"}],"predecessor-version":[{"id":8176,"href":"https:\/\/turkeyhistoricaltours.com\/fr\/wp-json\/wp\/v2\/product\/8175\/revisions\/8176"}],"wp:featuredmedia":[{"embeddable":true,"href":"https:\/\/turkeyhistoricaltours.com\/fr\/wp-json\/wp\/v2\/media\/8192"}],"wp:attachment":[{"href":"https:\/\/turkeyhistoricaltours.com\/fr\/wp-json\/wp\/v2\/media?parent=8175"}],"wp:term":[{"taxonomy":"product_cat","embeddable":true,"href":"https:\/\/turkeyhistoricaltours.com\/fr\/wp-json\/wp\/v2\/product_cat?post=8175"},{"taxonomy":"product_tag","embeddable":true,"href":"https:\/\/turkeyhistoricaltours.com\/fr\/wp-json\/wp\/v2\/product_tag?post=8175"}],"curies":[{"name":"wp","href":"https:\/\/api.w.org\/{rel}","templated":true}]}}