{"id":8165,"date":"2023-12-01T15:13:02","date_gmt":"2023-12-01T12:13:02","guid":{"rendered":"https:\/\/turkeyhistoricaltours.com\/?post_type=product&#038;p=8165"},"modified":"2024-02-11T20:32:16","modified_gmt":"2024-02-11T17:32:16","slug":"topkapi-palace","status":"publish","type":"product","link":"https:\/\/turkeyhistoricaltours.com\/fr\/produit\/topkapi-palace\/","title":{"rendered":"Palais de Topkap\u0131"},"content":{"rendered":"<p><strong>Palais de Topkap\u0131 : Un aper\u00e7u de la splendeur ottomane<\/strong><\/p>\n<p>Le palais de Topkap\u0131, situ\u00e9 au c\u0153ur d'Istanbul, en Turquie, est un magnifique complexe historique qui offre un voyage fascinant dans le monde opulent de l'Empire ottoman. Ce palais embl\u00e9matique, qui a servi de r\u00e9sidence principale aux sultans ottomans pendant plus de 400 ans, t\u00e9moigne de la richesse de l'histoire et de la grandeur de l'empire.<\/p>\n<p><strong>Importance historique :<\/strong> Construit en 1459 par le sultan Mehmed le Conqu\u00e9rant, le palais de Topkap\u0131 a \u00e9t\u00e9 le t\u00e9moin de l'essor et de la chute de l'Empire ottoman. Pendant des si\u00e8cles, il a servi de centre politique et administratif de l'empire, abritant les sultans et leur nombreuse cour. Le palais est \u00e9galement remarquable pour son emplacement strat\u00e9gique, offrant une vue panoramique sur le d\u00e9troit du Bosphore, la Corne d'Or et la mer de Marmara.<\/p>\n<p><strong>Marvel Architectural :<\/strong> Le palais de Topkap\u0131 s'enorgueillit d'un m\u00e9lange \u00e9tonnant de styles architecturaux, notamment d'influences byzantines, islamiques et ottomanes. Le complexe se compose de plusieurs cours, pavillons et salles, tous con\u00e7us avec une attention m\u00e9ticuleuse aux d\u00e9tails. Le Harem, en particulier, est une section captivante qui d\u00e9voile la vie priv\u00e9e des sultans et de leurs familles.<\/p>\n<p><strong>Collections intrigantes :<\/strong> Les visiteurs du palais de Topkapi ont la possibilit\u00e9 d'explorer une multitude d'objets historiques, notamment des costumes royaux, des bijoux, des armes et des manuscrits. Le Tr\u00e9sor, en particulier, abrite une collection in\u00e9gal\u00e9e de bijoux inestimables, dont la c\u00e9l\u00e8bre dague de Topkapi et le diamant du fabricant de cuill\u00e8res.<\/p>\n<p><strong>Jardins et cours :<\/strong> Le palais est r\u00e9put\u00e9 pour ses jardins luxuriants et ses cours sereines, qui permettent de s'\u00e9vader tranquillement de l'agitation de la ville. Le jardin imp\u00e9rial, avec ses fleurs color\u00e9es et ses fontaines, est un lieu de d\u00e9tente et de r\u00e9flexion tr\u00e8s appr\u00e9ci\u00e9.<\/p>\n<p><strong>Une fen\u00eatre sur la culture ottomane :<\/strong> Le palais de Topkap\u0131 offre un aper\u00e7u unique de la culture ottomane et de la vie quotidienne. Les visiteurs peuvent admirer des carreaux de c\u00e9ramique, des calligraphies et d'exquises poteries d'Iznik dans l'ensemble du complexe. Le palais accueille \u00e9galement des expositions et des \u00e9v\u00e9nements qui permettent d'approfondir l'histoire et l'art de l'Empire ottoman.<\/p>\n<p><strong>Informations pratiques :<\/strong><\/p>\n<ul>\n<li>Adresse : Topkap\u0131 Saray\u0131, Cankurtaran Mh., 34122 Fatih\/\u0130stanbul, Turquie.<\/li>\n<li>Heures d'ouverture : Le palais de Topkap\u0131 est ouvert aux visiteurs de 9h00 \u00e0 18h45 (du 15 avril au 1er octobre) et de 9h00 \u00e0 16h45 (du 2 octobre au 14 avril). Le palais est ferm\u00e9 le mardi.<\/li>\n<li>Frais d'entr\u00e9e : Les prix des billets varient, avec des r\u00e9ductions pour les \u00e9tudiants et les personnes \u00e2g\u00e9es.<\/li>\n<\/ul>\n<p>Le palais de Topkap\u0131 est un tr\u00e9sor historique captivant qui invite les visiteurs \u00e0 se plonger dans la grandeur de l'Empire ottoman. Sa riche histoire, son architecture \u00e9poustouflante et ses collections exquises en font une destination incontournable pour tous ceux qui explorent la vibrante ville d'Istanbul.<\/p>","protected":false},"excerpt":{"rendered":"<p>Le palais de Topkap\u0131, situ\u00e9 au c\u0153ur d'Istanbul, en Turquie, est un magnifique complexe historique qui offre un voyage fascinant dans le monde opulent de l'Empire ottoman. Ce palais embl\u00e9matique, qui a servi de r\u00e9sidence principale aux sultans ottomans pendant plus de 400 ans, t\u00e9moigne de la richesse de l'histoire et de la grandeur de l'empire.<\/p>","protected":false},"featured_media":8169,"comment_status":"open","ping_status":"closed","template":"","meta":[],"product_cat":[50],"product_tag":[],"class_list":{"0":"post-8165","1":"product","2":"type-product","3":"status-publish","4":"has-post-thumbnail","6":"product_cat-tour","8":"first","9":"instock","10":"featured","11":"shipping-taxable","12":"purchasable","13":"product-type-ovabrw_car_rental"},"_links":{"self":[{"href":"https:\/\/turkeyhistoricaltours.com\/fr\/wp-json\/wp\/v2\/product\/8165","targetHints":{"allow":["GET"]}}],"collection":[{"href":"https:\/\/turkeyhistoricaltours.com\/fr\/wp-json\/wp\/v2\/product"}],"about":[{"href":"https:\/\/turkeyhistoricaltours.com\/fr\/wp-json\/wp\/v2\/types\/product"}],"replies":[{"embeddable":true,"href":"https:\/\/turkeyhistoricaltours.com\/fr\/wp-json\/wp\/v2\/comments?post=8165"}],"version-history":[{"count":1,"href":"https:\/\/turkeyhistoricaltours.com\/fr\/wp-json\/wp\/v2\/product\/8165\/revisions"}],"predecessor-version":[{"id":8171,"href":"https:\/\/turkeyhistoricaltours.com\/fr\/wp-json\/wp\/v2\/product\/8165\/revisions\/8171"}],"wp:featuredmedia":[{"embeddable":true,"href":"https:\/\/turkeyhistoricaltours.com\/fr\/wp-json\/wp\/v2\/media\/8169"}],"wp:attachment":[{"href":"https:\/\/turkeyhistoricaltours.com\/fr\/wp-json\/wp\/v2\/media?parent=8165"}],"wp:term":[{"taxonomy":"product_cat","embeddable":true,"href":"https:\/\/turkeyhistoricaltours.com\/fr\/wp-json\/wp\/v2\/product_cat?post=8165"},{"taxonomy":"product_tag","embeddable":true,"href":"https:\/\/turkeyhistoricaltours.com\/fr\/wp-json\/wp\/v2\/product_tag?post=8165"}],"curies":[{"name":"wp","href":"https:\/\/api.w.org\/{rel}","templated":true}]}}