{"id":8148,"date":"2023-11-30T10:21:02","date_gmt":"2023-11-30T07:21:02","guid":{"rendered":"https:\/\/turkeyhistoricaltours.com\/?post_type=product&#038;p=8148"},"modified":"2024-02-11T20:33:09","modified_gmt":"2024-02-11T17:33:09","slug":"hagia-sofia","status":"publish","type":"product","link":"https:\/\/turkeyhistoricaltours.com\/fr\/produit\/hagia-sofia\/","title":{"rendered":"Visite de Hagia Sofia"},"content":{"rendered":"<p><strong>Mosqu\u00e9e Sainte-Sophie : Une merveille d'histoire et d'architecture \u00e0 Istanbul<\/strong><\/p>\n<p>Istanbul, la ville fascinante o\u00f9 l'Orient et l'Occident se rencontrent, regorge de tr\u00e9sors historiques et culturels. Parmi ses sites les plus embl\u00e9matiques, on trouve la mosqu\u00e9e Sainte-Sophie, une structure magnifique qui a \u00e9t\u00e9 le t\u00e9moin de si\u00e8cles d'histoire et de transformation. Ce chef-d'\u0153uvre architectural est une destination incontournable pour tous ceux qui explorent la riche tapisserie d'Istanbul.<\/p>\n<p><strong>Importance historique :<\/strong> La mosqu\u00e9e Sainte-Sophie, connue \u00e0 l'origine sous le nom de cath\u00e9drale Sainte-Sophie, a une histoire qui s'\u00e9tend sur plus de 1 500 ans. Elle a \u00e9t\u00e9 construite en 537 sous le r\u00e8gne de l'empereur byzantin Justinien Ier et a servi de cath\u00e9drale orthodoxe orientale pendant pr\u00e8s de 1 000 ans. C'\u00e9tait la plus grande cath\u00e9drale du monde \u00e0 l'\u00e9poque de son ach\u00e8vement et elle est r\u00e9put\u00e9e pour ses innovations architecturales pionni\u00e8res.<\/p>\n<p><strong>Marvel Architectural :<\/strong> Ce qui distingue Sainte-Sophie, c'est son incroyable conception architecturale. Le d\u00f4me massif, qui constituait \u00e0 l'\u00e9poque une prouesse d'ing\u00e9nierie, est une v\u00e9ritable merveille \u00e0 contempler. L'int\u00e9rieur est orn\u00e9 de mosa\u00efques complexes, de colonnes de marbre et d'un jeu de lumi\u00e8re et d'espace \u00e0 couper le souffle. L'architecture de la mosqu\u00e9e m\u00eale harmonieusement des \u00e9l\u00e9ments des styles byzantin et ottoman, refl\u00e9tant ainsi sa riche histoire.<\/p>\n<p><strong>Le patrimoine culturel :<\/strong> Au cours de sa longue histoire, Sainte-Sophie est pass\u00e9e du statut de cath\u00e9drale \u00e0 celui de mosqu\u00e9e. En 1453, lorsque l'Empire ottoman a conquis Constantinople (aujourd'hui Istanbul), elle a \u00e9t\u00e9 convertie en mosqu\u00e9e et l'est rest\u00e9e pendant pr\u00e8s de 500 ans. En 1935, sous la R\u00e9publique de Turquie, elle a \u00e9t\u00e9 transform\u00e9e en mus\u00e9e dans le cadre des efforts de modernisation. Cependant, en 2020, elle a \u00e9t\u00e9 \u00e0 nouveau reconvertie en mosqu\u00e9e, marquant ainsi un moment important dans l'histoire de la ville.<\/p>\n<p><strong>Visite de la mosqu\u00e9e Sainte-Sophie :<\/strong> Aujourd'hui, la mosqu\u00e9e Sainte-Sophie est un symbole du riche patrimoine culturel d'Istanbul. Les visiteurs peuvent explorer son int\u00e9rieur impressionnant, qui pr\u00e9sente un m\u00e9lange de calligraphie islamique et de mosa\u00efques chr\u00e9tiennes. La mosqu\u00e9e est ouverte au public, et vous pouvez v\u00e9rifier les heures de visite et les droits d'entr\u00e9e avant votre visite.<\/p>","protected":false},"excerpt":{"rendered":"<p>Istanbul, la ville fascinante o\u00f9 l'Orient et l'Occident se rencontrent, regorge de tr\u00e9sors historiques et culturels. Parmi ses sites les plus embl\u00e9matiques, on trouve la mosqu\u00e9e Sainte-Sophie, une structure magnifique qui a \u00e9t\u00e9 le t\u00e9moin de si\u00e8cles d'histoire et de transformation.<\/p>","protected":false},"featured_media":8152,"comment_status":"open","ping_status":"closed","template":"","meta":[],"product_cat":[50],"product_tag":[],"class_list":{"0":"post-8148","1":"product","2":"type-product","3":"status-publish","4":"has-post-thumbnail","6":"product_cat-tour","8":"first","9":"instock","10":"featured","11":"shipping-taxable","12":"purchasable","13":"product-type-ovabrw_car_rental"},"_links":{"self":[{"href":"https:\/\/turkeyhistoricaltours.com\/fr\/wp-json\/wp\/v2\/product\/8148","targetHints":{"allow":["GET"]}}],"collection":[{"href":"https:\/\/turkeyhistoricaltours.com\/fr\/wp-json\/wp\/v2\/product"}],"about":[{"href":"https:\/\/turkeyhistoricaltours.com\/fr\/wp-json\/wp\/v2\/types\/product"}],"replies":[{"embeddable":true,"href":"https:\/\/turkeyhistoricaltours.com\/fr\/wp-json\/wp\/v2\/comments?post=8148"}],"version-history":[{"count":1,"href":"https:\/\/turkeyhistoricaltours.com\/fr\/wp-json\/wp\/v2\/product\/8148\/revisions"}],"predecessor-version":[{"id":8163,"href":"https:\/\/turkeyhistoricaltours.com\/fr\/wp-json\/wp\/v2\/product\/8148\/revisions\/8163"}],"wp:featuredmedia":[{"embeddable":true,"href":"https:\/\/turkeyhistoricaltours.com\/fr\/wp-json\/wp\/v2\/media\/8152"}],"wp:attachment":[{"href":"https:\/\/turkeyhistoricaltours.com\/fr\/wp-json\/wp\/v2\/media?parent=8148"}],"wp:term":[{"taxonomy":"product_cat","embeddable":true,"href":"https:\/\/turkeyhistoricaltours.com\/fr\/wp-json\/wp\/v2\/product_cat?post=8148"},{"taxonomy":"product_tag","embeddable":true,"href":"https:\/\/turkeyhistoricaltours.com\/fr\/wp-json\/wp\/v2\/product_tag?post=8148"}],"curies":[{"name":"wp","href":"https:\/\/api.w.org\/{rel}","templated":true}]}}