{"id":937,"date":"2022-07-06T09:32:27","date_gmt":"2022-07-06T09:32:27","guid":{"rendered":"https:\/\/demo.ovatheme.com\/tripgo\/?page_id=937"},"modified":"2023-12-04T18:51:34","modified_gmt":"2023-12-04T15:51:34","slug":"faq","status":"publish","type":"page","link":"https:\/\/turkeyhistoricaltours.com\/fr\/faq\/","title":{"rendered":"FAQ"},"content":{"rendered":"<div data-elementor-type=\"wp-page\" data-elementor-id=\"937\" class=\"elementor elementor-937\">\n\t\t\t\t\t\t<section class=\"elementor-section elementor-top-section elementor-element elementor-element-1d71f80 elementor-section-boxed elementor-section-height-default elementor-section-height-default\" data-id=\"1d71f80\" data-element_type=\"section\">\n\t\t\t\t\t\t<div class=\"elementor-container elementor-column-gap-no\">\n\t\t\t\t\t<div class=\"elementor-column elementor-col-100 elementor-top-column elementor-element elementor-element-28e5329\" data-id=\"28e5329\" data-element_type=\"column\">\n\t\t\t<div class=\"elementor-widget-wrap elementor-element-populated\">\n\t\t\t\t\t\t<div class=\"elementor-element elementor-element-1b8153f elementor-widget elementor-widget-image\" data-id=\"1b8153f\" data-element_type=\"widget\" data-widget_type=\"image.default\">\n\t\t\t\t<div class=\"elementor-widget-container\">\n\t\t\t\t\t\t\t\t\t\t\t\t\t\t\t<img fetchpriority=\"high\" decoding=\"async\" width=\"600\" height=\"333\" src=\"https:\/\/turkeyhistoricaltours.com\/wp-content\/uploads\/2022\/07\/banner-1.png\" class=\"attachment-large size-large wp-image-948\" alt=\"\" srcset=\"https:\/\/turkeyhistoricaltours.com\/wp-content\/uploads\/2022\/07\/banner-1.png 600w, https:\/\/turkeyhistoricaltours.com\/wp-content\/uploads\/2022\/07\/banner-1-300x167.png 300w\" sizes=\"(max-width: 600px) 100vw, 600px\" \/>\t\t\t\t\t\t\t\t\t\t\t\t\t\t\t<\/div>\n\t\t\t\t<\/div>\n\t\t\t\t<div class=\"elementor-element elementor-element-7a3f0e6 elementor-widget elementor-widget-tripgo_elementor_heading\" data-id=\"7a3f0e6\" data-element_type=\"widget\" data-widget_type=\"tripgo_elementor_heading.default\">\n\t\t\t\t<div class=\"elementor-widget-container\">\n\t\t\t\t\t\t\t<div class=\"ova-title\">\n\n\t\t\t\n\t\t\t\t\t\t\t\n\t\t\t\t\t<h2 class=\"title\">Avez-vous des questions ?<\/h2>\n\t\t\t\t\t\t\t\n\t\t\t\t\t\t\t<p class=\"description\"> Bienvenue \u00e0 votre nouvelle source d'approvisionnement en pi\u00e8ces et accessoires automobiles du march\u00e9 secondaire. <\/p>\n\t\t\t\n\t\t<\/div> \n\t\t \t\n\t\t\t\t\t\t<\/div>\n\t\t\t\t<\/div>\n\t\t\t\t\t<\/div>\n\t\t<\/div>\n\t\t\t\t\t<\/div>\n\t\t<\/section>\n\t\t\t\t<\/div>","protected":false},"excerpt":{"rendered":"<p>Vous avez des questions ? Bienvenue \u00e0 votre nouvelle source d'approvisionnement en pi\u00e8ces et accessoires automobiles d'apr\u00e8s-vente.<\/p>","protected":false},"author":1,"featured_media":0,"parent":0,"menu_order":0,"comment_status":"closed","ping_status":"closed","template":"elementor_header_footer","meta":{"footnotes":""},"class_list":["post-937","page","type-page","status-publish","hentry"],"_links":{"self":[{"href":"https:\/\/turkeyhistoricaltours.com\/fr\/wp-json\/wp\/v2\/pages\/937","targetHints":{"allow":["GET"]}}],"collection":[{"href":"https:\/\/turkeyhistoricaltours.com\/fr\/wp-json\/wp\/v2\/pages"}],"about":[{"href":"https:\/\/turkeyhistoricaltours.com\/fr\/wp-json\/wp\/v2\/types\/page"}],"author":[{"embeddable":true,"href":"https:\/\/turkeyhistoricaltours.com\/fr\/wp-json\/wp\/v2\/users\/1"}],"replies":[{"embeddable":true,"href":"https:\/\/turkeyhistoricaltours.com\/fr\/wp-json\/wp\/v2\/comments?post=937"}],"version-history":[{"count":4,"href":"https:\/\/turkeyhistoricaltours.com\/fr\/wp-json\/wp\/v2\/pages\/937\/revisions"}],"predecessor-version":[{"id":8292,"href":"https:\/\/turkeyhistoricaltours.com\/fr\/wp-json\/wp\/v2\/pages\/937\/revisions\/8292"}],"wp:attachment":[{"href":"https:\/\/turkeyhistoricaltours.com\/fr\/wp-json\/wp\/v2\/media?parent=937"}],"curies":[{"name":"wp","href":"https:\/\/api.w.org\/{rel}","templated":true}]}}