{"id":8309,"date":"2024-02-11T16:17:55","date_gmt":"2024-02-11T13:17:55","guid":{"rendered":"https:\/\/turkeyhistoricaltours.com\/?page_id=8309"},"modified":"2024-02-20T20:39:23","modified_gmt":"2024-02-20T17:39:23","slug":"dental-treatment","status":"publish","type":"page","link":"https:\/\/turkeyhistoricaltours.com\/fr\/dental-treatment\/","title":{"rendered":"Traitement dentaire"},"content":{"rendered":"<div data-elementor-type=\"wp-page\" data-elementor-id=\"8309\" class=\"elementor elementor-8309\">\n\t\t\t\t<div class=\"elementor-element elementor-element-d029734 e-flex e-con-boxed e-con e-parent\" data-id=\"d029734\" data-element_type=\"container\">\n\t\t\t\t\t<div class=\"e-con-inner\">\n\t\t\t\t<div class=\"elementor-element elementor-element-a788cb2 elementor-widget elementor-widget-text-editor\" data-id=\"a788cb2\" data-element_type=\"widget\" data-widget_type=\"text-editor.default\">\n\t\t\t\t<div class=\"elementor-widget-container\">\n\t\t\t\t\t\t\t\t\t<p>Comme tous les organes de notre corps, notre sant\u00e9 bucco-dentaire et la sant\u00e9 de nos dents sont \u00e9galement tr\u00e8s importantes. Dans le cadre du tourisme de sant\u00e9 que nous avons mis en place, vous pouvez \u00e0 la fois recevoir un traitement et visiter le patrimoine culturel de notre pays.<\/p><p>Remplissez le formulaire maintenant et notre \u00e9quipe d'experts vous contactera et s'assurera que vous recevez le traitement le plus pr\u00e9cis.<\/p>\t\t\t\t\t\t\t\t<\/div>\n\t\t\t\t<\/div>\n\t\t\t\t\t<\/div>\n\t\t\t\t<\/div>\n\t\t<div class=\"elementor-element elementor-element-4525941 e-con-full e-flex e-con e-parent\" data-id=\"4525941\" data-element_type=\"container\">\n\t\t<div class=\"elementor-element elementor-element-49271e0 e-con-full e-flex e-con e-child\" data-id=\"49271e0\" data-element_type=\"container\">\n\t\t\t\t<div class=\"elementor-element elementor-element-56a9517 elementor-widget elementor-widget-shortcode\" data-id=\"56a9517\" data-element_type=\"widget\" data-widget_type=\"shortcode.default\">\n\t\t\t\t<div class=\"elementor-widget-container\">\n\t\t\t\t\t\t\t<div class=\"elementor-shortcode\">\n<div class=\"wpcf7 no-js\" id=\"wpcf7-f8329-o1\" lang=\"en-US\" dir=\"ltr\" data-wpcf7-id=\"8329\">\n<div class=\"screen-reader-response\"><p role=\"status\" aria-live=\"polite\" aria-atomic=\"true\"><\/p> <ul><\/ul><\/div>\n<form action=\"\/fr\/wp-json\/wp\/v2\/pages\/8309#wpcf7-f8329-o1\" method=\"post\" class=\"wpcf7-form init\" aria-label=\"Formulaire de contact\" novalidate=\"novalidate\" data-status=\"init\" data-trp-original-action=\"\/fr\/wp-json\/wp\/v2\/pages\/8309#wpcf7-f8329-o1\">\n<div style=\"display: none;\">\n<input type=\"hidden\" name=\"_wpcf7\" value=\"8329\" \/>\n<input type=\"hidden\" name=\"_wpcf7_version\" value=\"6.0.2\" \/>\n<input type=\"hidden\" name=\"_wpcf7_locale\" value=\"en_US\" \/>\n<input type=\"hidden\" name=\"_wpcf7_unit_tag\" value=\"wpcf7-f8329-o1\" \/>\n<input type=\"hidden\" name=\"_wpcf7_container_post\" value=\"0\" \/>\n<input type=\"hidden\" name=\"_wpcf7_posted_data_hash\" value=\"\" \/>\n<\/div>\n<div class=\"ova-wpcf7 ova-contact-page\">\n\t<div class=\"text-email\">\n\t\t<div class=\"ova-text\">\n\t\t\t<p><span class=\"wpcf7-form-control-wrap\" data-name=\"your-name\"><input size=\"40\" maxlength=\"400\" class=\"wpcf7-form-control wpcf7-text wpcf7-validates-as-required name\" aria-required=\"true\" aria-invalid=\"false\" placeholder=\"Nom Nom de famille *\" value=\"\" type=\"text\" name=\"your-name\" \/><\/span>\n\t\t\t<\/p>\n\t\t<\/div>\n\t\t<div class=\"ova-email\">\n\t\t\t<p><span class=\"wpcf7-form-control-wrap\" data-name=\"your-email\"><input size=\"40\" maxlength=\"400\" class=\"wpcf7-form-control wpcf7-email wpcf7-validates-as-required wpcf7-text wpcf7-validates-as-email email\" aria-required=\"true\" aria-invalid=\"false\" placeholder=\"Courriel *\" value=\"\" type=\"email\" name=\"your-email\" \/><\/span>\n\t\t\t<\/p>\n\t\t<\/div>\n\t<\/div>\n\t<div class=\"text-email\">\n\t\t<div class=\"ova-text\">\n\t\t\t<p><span class=\"wpcf7-form-control-wrap\" data-name=\"your-phone\"><input size=\"40\" maxlength=\"400\" class=\"wpcf7-form-control wpcf7-text wpcf7-validates-as-required name\" aria-required=\"true\" aria-invalid=\"false\" placeholder=\"Num\u00e9ro de t\u00e9l\u00e9phone *\" value=\"\" type=\"text\" name=\"your-phone\" \/><\/span>\n\t\t\t<\/p>\n\t\t<\/div>\n\t\t<div class=\"ova-text\">\n\t\t\t<p><span class=\"wpcf7-form-control-wrap\" data-name=\"your-country\"><input size=\"40\" maxlength=\"400\" class=\"wpcf7-form-control wpcf7-text wpcf7-validates-as-required name\" aria-required=\"true\" aria-invalid=\"false\" placeholder=\"Pays *\" value=\"\" type=\"text\" name=\"your-country\" \/><\/span>\n\t\t\t<\/p>\n\t\t<\/div>\n\t<\/div>\n\t<div class=\"text-email\">\n\t\t<div class=\"ova-text\">\n\t\t\t<p><span class=\"wpcf7-form-control-wrap\" data-name=\"your-treatment-date\"><input size=\"40\" maxlength=\"400\" class=\"wpcf7-form-control wpcf7-text wpcf7-validates-as-required name\" aria-required=\"true\" aria-invalid=\"false\" placeholder=\"Plage de dates \u00e0 laquelle vous pouvez commencer le traitement *\" value=\"\" type=\"text\" name=\"your-treatment-date\" \/><\/span>\n\t\t\t<\/p>\n\t\t<\/div>\n\t\t<div class=\"ova-subject\">\n\t\t\t<p><span class=\"wpcf7-form-control-wrap\" data-name=\"your-subject\"><input size=\"40\" maxlength=\"400\" class=\"wpcf7-form-control wpcf7-text subject\" aria-invalid=\"false\" placeholder=\"Sujet\" value=\"\" type=\"text\" name=\"your-subject\" \/><\/span>\n\t\t\t<\/p>\n\t\t<\/div>\n\t<\/div>\n\t<div class=\"ova-textarea\">\n\t\t<p><span class=\"wpcf7-form-control-wrap\" data-name=\"your-message\"><textarea cols=\"40\" rows=\"10\" maxlength=\"2000\" class=\"wpcf7-form-control wpcf7-textarea comment\" aria-invalid=\"false\" placeholder=\"Pouvez-vous expliquer bri\u00e8vement votre malaise ?\" name=\"your-message\"><\/textarea><\/span>\n\t\t<\/p>\n\t<\/div>\n\t<div class=\"ova-submit ova-contact-submit\">\n\t\t<p><button type=\"submit\" class=\"wpcf7-form-control has-spinner wpcf7-submit\"><span>Soumettre<\/span><\/button>\n\t\t<\/p>\n\t<\/div>\n<\/div><div class=\"wpcf7-response-output\" aria-hidden=\"true\"><\/div>\n<input type=\"hidden\" name=\"trp-form-language\" value=\"fr\"\/><\/form>\n<\/div>\n<\/div>\n\t\t\t\t\t\t<\/div>\n\t\t\t\t<\/div>\n\t\t\t\t<\/div>\n\t\t<div class=\"elementor-element elementor-element-e217c1d e-con-full e-flex e-con e-child\" data-id=\"e217c1d\" data-element_type=\"container\">\n\t\t\t\t<div class=\"elementor-element elementor-element-3cf8389 elementor-widget elementor-widget-image\" data-id=\"3cf8389\" data-element_type=\"widget\" data-widget_type=\"image.default\">\n\t\t\t\t<div class=\"elementor-widget-container\">\n\t\t\t\t\t\t\t\t\t\t\t\t\t\t\t<img fetchpriority=\"high\" decoding=\"async\" width=\"600\" height=\"538\" src=\"https:\/\/turkeyhistoricaltours.com\/wp-content\/uploads\/2024\/02\/233.jpg\" class=\"attachment-large size-large wp-image-8331\" alt=\"\" srcset=\"https:\/\/turkeyhistoricaltours.com\/wp-content\/uploads\/2024\/02\/233.jpg 600w, https:\/\/turkeyhistoricaltours.com\/wp-content\/uploads\/2024\/02\/233-300x269.jpg 300w\" sizes=\"(max-width: 600px) 100vw, 600px\" \/>\t\t\t\t\t\t\t\t\t\t\t\t\t\t\t<\/div>\n\t\t\t\t<\/div>\n\t\t\t\t<\/div>\n\t\t\t\t<\/div>\n\t\t\t\t<\/div>","protected":false},"excerpt":{"rendered":"<p>Comme tous les organes de notre corps, notre sant\u00e9 bucco-dentaire et la sant\u00e9 de nos dents sont \u00e9galement tr\u00e8s importantes. Dans le cadre du tourisme de sant\u00e9 que nous avons mis en place, vous pouvez \u00e0 la fois recevoir un traitement et visiter le patrimoine culturel de notre pays. Remplissez le formulaire maintenant et notre \u00e9quipe d'experts vous contactera et [...]<\/p>","protected":false},"author":1,"featured_media":0,"parent":0,"menu_order":0,"comment_status":"closed","ping_status":"closed","template":"","meta":{"footnotes":""},"class_list":["post-8309","page","type-page","status-publish","hentry"],"_links":{"self":[{"href":"https:\/\/turkeyhistoricaltours.com\/fr\/wp-json\/wp\/v2\/pages\/8309","targetHints":{"allow":["GET"]}}],"collection":[{"href":"https:\/\/turkeyhistoricaltours.com\/fr\/wp-json\/wp\/v2\/pages"}],"about":[{"href":"https:\/\/turkeyhistoricaltours.com\/fr\/wp-json\/wp\/v2\/types\/page"}],"author":[{"embeddable":true,"href":"https:\/\/turkeyhistoricaltours.com\/fr\/wp-json\/wp\/v2\/users\/1"}],"replies":[{"embeddable":true,"href":"https:\/\/turkeyhistoricaltours.com\/fr\/wp-json\/wp\/v2\/comments?post=8309"}],"version-history":[{"count":25,"href":"https:\/\/turkeyhistoricaltours.com\/fr\/wp-json\/wp\/v2\/pages\/8309\/revisions"}],"predecessor-version":[{"id":8399,"href":"https:\/\/turkeyhistoricaltours.com\/fr\/wp-json\/wp\/v2\/pages\/8309\/revisions\/8399"}],"wp:attachment":[{"href":"https:\/\/turkeyhistoricaltours.com\/fr\/wp-json\/wp\/v2\/media?parent=8309"}],"curies":[{"name":"wp","href":"https:\/\/api.w.org\/{rel}","templated":true}]}}