{"id":1185,"date":"2022-07-07T04:36:44","date_gmt":"2022-07-07T04:36:44","guid":{"rendered":"https:\/\/demo.ovatheme.com\/tripgo\/?page_id=1185"},"modified":"2023-12-04T18:25:12","modified_gmt":"2023-12-04T15:25:12","slug":"about-us","status":"publish","type":"page","link":"https:\/\/turkeyhistoricaltours.com\/fr\/about-us\/","title":{"rendered":"\u00c0 propos de nous"},"content":{"rendered":"<div data-elementor-type=\"wp-page\" data-elementor-id=\"1185\" class=\"elementor elementor-1185\">\n\t\t\t\t\t\t<section class=\"elementor-section elementor-top-section elementor-element elementor-element-4d2ae82 elementor-section-boxed elementor-section-height-default elementor-section-height-default\" data-id=\"4d2ae82\" data-element_type=\"section\">\n\t\t\t\t\t\t<div class=\"elementor-container elementor-column-gap-default\">\n\t\t\t\t\t<div class=\"elementor-column elementor-col-50 elementor-top-column elementor-element elementor-element-a725ada\" data-id=\"a725ada\" data-element_type=\"column\">\n\t\t\t<div class=\"elementor-widget-wrap elementor-element-populated\">\n\t\t\t\t\t\t<div class=\"elementor-element elementor-element-a9bbc14 elementor-widget elementor-widget-tripgo_elementor_heading\" data-id=\"a9bbc14\" data-element_type=\"widget\" data-widget_type=\"tripgo_elementor_heading.default\">\n\t\t\t\t<div class=\"elementor-widget-container\">\n\t\t\t\t\t\t\t<div class=\"ova-title\">\n\n\t\t\t\n\t\t\t\t\t\t\t\n\t\t\t\t\t<h2 class=\"title\">A propos de votre guide priv\u00e9<\/h2>\n\t\t\t\t\t\t\t\n\t\t\t\t\t\t\t<p class=\"description\"> Nous sommes des guides priv\u00e9s professionnels agr\u00e9\u00e9s\nassoci\u00e9s au Minist\u00e8re du Tourisme et de la Culture...\nExperts en histoire de la Turquie, nous sommes guides touristiques depuis de nombreuses ann\u00e9es,\n\nNotre mission est de donner une bonne exp\u00e9rience \u00e0 nos clients.\nProfitez de vos vacances ...\n <\/p>\n\t\t\t\n\t\t<\/div> \n\t\t \t\n\t\t\t\t\t\t<\/div>\n\t\t\t\t<\/div>\n\t\t\t\t<div class=\"elementor-element elementor-element-970b113 elementor-widget elementor-widget-text-editor\" data-id=\"970b113\" data-element_type=\"widget\" data-widget_type=\"text-editor.default\">\n\t\t\t\t<div class=\"elementor-widget-container\">\n\t\t\t\t\t\t\t\t\t<p>Merci de votre attention.<br \/>Ramazan (Erol )bezek<\/p>\t\t\t\t\t\t\t\t<\/div>\n\t\t\t\t<\/div>\n\t\t\t\t<div class=\"elementor-element elementor-element-2d8b367 elementor-widget elementor-widget-tripgo_elementor_progress\" data-id=\"2d8b367\" data-element_type=\"widget\" data-widget_type=\"tripgo_elementor_progress.default\">\n\t\t\t\t<div class=\"elementor-widget-container\">\n\t\t\t\t\t\n\t\t<div class=\"ova-progress\">\n\t\t\t\t\t\t\t<h6 class=\"ova-progress-title\">Guides touristiques priv\u00e9s<\/h6>\n\t\t\t\t\t\t<div class=\"ova-percent-view\" >\n\t\t\t\t<div class=\"ova-percent\" data-percent=\"100\"><\/div>\n\t\t\t\t<span class=\"percentage\" data-show-percent=\"yes\">\n\t\t\t\t\t100%\n\t\t\t\t<\/span>\n\t\t\t<\/div>\n\t\t\t\t\t<\/div>\n\t\t \t\n\t\t\t\t\t\t<\/div>\n\t\t\t\t<\/div>\n\t\t\t\t<div class=\"elementor-element elementor-element-c27d9fe elementor-widget elementor-widget-tripgo_elementor_progress\" data-id=\"c27d9fe\" data-element_type=\"widget\" data-widget_type=\"tripgo_elementor_progress.default\">\n\t\t\t\t<div class=\"elementor-widget-container\">\n\t\t\t\t\t\n\t\t<div class=\"ova-progress\">\n\t\t\t\t\t\t\t<h6 class=\"ova-progress-title\">Explication en anglais<\/h6>\n\t\t\t\t\t\t<div class=\"ova-percent-view\" >\n\t\t\t\t<div class=\"ova-percent\" data-percent=\"100\"><\/div>\n\t\t\t\t<span class=\"percentage\" data-show-percent=\"yes\">\n\t\t\t\t\t100%\n\t\t\t\t<\/span>\n\t\t\t<\/div>\n\t\t\t\t\t<\/div>\n\t\t \t\n\t\t\t\t\t\t<\/div>\n\t\t\t\t<\/div>\n\t\t\t\t<div class=\"elementor-element elementor-element-69748e7 elementor-widget elementor-widget-tripgo_elementor_progress\" data-id=\"69748e7\" data-element_type=\"widget\" data-widget_type=\"tripgo_elementor_progress.default\">\n\t\t\t\t<div class=\"elementor-widget-container\">\n\t\t\t\t\t\n\t\t<div class=\"ova-progress\">\n\t\t\t\t\t\t\t<h6 class=\"ova-progress-title\">Explication en espagnol<\/h6>\n\t\t\t\t\t\t<div class=\"ova-percent-view\" >\n\t\t\t\t<div class=\"ova-percent\" data-percent=\"100\"><\/div>\n\t\t\t\t<span class=\"percentage\" data-show-percent=\"yes\">\n\t\t\t\t\t100%\n\t\t\t\t<\/span>\n\t\t\t<\/div>\n\t\t\t\t\t<\/div>\n\t\t \t\n\t\t\t\t\t\t<\/div>\n\t\t\t\t<\/div>\n\t\t\t\t\t<\/div>\n\t\t<\/div>\n\t\t\t\t<div class=\"elementor-column elementor-col-50 elementor-top-column elementor-element elementor-element-496b054\" data-id=\"496b054\" data-element_type=\"column\">\n\t\t\t<div class=\"elementor-widget-wrap elementor-element-populated\">\n\t\t\t\t\t\t<div class=\"elementor-element elementor-element-b4d0cfb elementor-widget elementor-widget-image\" data-id=\"b4d0cfb\" data-element_type=\"widget\" data-widget_type=\"image.default\">\n\t\t\t\t<div class=\"elementor-widget-container\">\n\t\t\t\t\t\t\t\t\t\t\t\t\t\t\t<img decoding=\"async\" src=\"https:\/\/turkeyhistoricaltours.com\/wp-content\/uploads\/elementor\/thumbs\/EdowVBRXgAAfyLe-qg41vd7l4yekrgv9ikqdi41h9fo1mxbmj9xvi90jrc.jpg\" title=\"EdowVBRXgAAfyLe\" alt=\"EdowVBRXgAAfyLe\" loading=\"lazy\" \/>\t\t\t\t\t\t\t\t\t\t\t\t\t\t\t<\/div>\n\t\t\t\t<\/div>\n\t\t\t\t<div class=\"elementor-element elementor-element-48f29ca elementor-widget__width-auto elementor-absolute elementor-hidden-mobile elementor-widget elementor-widget-image\" data-id=\"48f29ca\" data-element_type=\"widget\" data-settings=\"{&quot;_position&quot;:&quot;absolute&quot;}\" data-widget_type=\"image.default\">\n\t\t\t\t<div class=\"elementor-widget-container\">\n\t\t\t\t\t\t\t\t\t\t\t\t\t\t\t<img decoding=\"async\" src=\"https:\/\/turkeyhistoricaltours.com\/wp-content\/uploads\/elementor\/thumbs\/anadoluimages_20117148-qg41v5otwg0lk2q9iz6r9zglfot77qdgilfhoj5s0w.jpg\" title=\"anadoluimages_20117148\" alt=\"anadoluimages_20117148\" loading=\"lazy\" \/>\t\t\t\t\t\t\t\t\t\t\t\t\t\t\t<\/div>\n\t\t\t\t<\/div>\n\t\t\t\t<div class=\"elementor-element elementor-element-8a7368a elementor-widget__width-auto elementor-absolute elementor-widget elementor-widget-image\" data-id=\"8a7368a\" data-element_type=\"widget\" data-settings=\"{&quot;_position&quot;:&quot;absolute&quot;}\" data-widget_type=\"image.default\">\n\t\t\t\t<div class=\"elementor-widget-container\">\n\t\t\t\t\t\t\t\t\t\t\t\t\t\t\t<img decoding=\"async\" width=\"213\" height=\"105\" src=\"https:\/\/turkeyhistoricaltours.com\/wp-content\/uploads\/2022\/07\/Framebg-2-1.png\" class=\"attachment-large size-large wp-image-1593\" alt=\"\" \/>\t\t\t\t\t\t\t\t\t\t\t\t\t\t\t<\/div>\n\t\t\t\t<\/div>\n\t\t\t\t\t<\/div>\n\t\t<\/div>\n\t\t\t\t\t<\/div>\n\t\t<\/section>\n\t\t\t\t<\/div>","protected":false},"excerpt":{"rendered":"<p>A propos de votre guide touristique priv\u00e9 Nous sommes des guides priv\u00e9s professionnels agr\u00e9\u00e9s par le Minist\u00e8re du Tourisme et de la Culture. Expert en histoire de la Turquie, nous faisons du guidage touristique depuis de nombreuses ann\u00e9es, notre mission est de donner une bonne exp\u00e9rience \u00e0 nos clients Profitez des vacances ... MerciRamazan (Erol )bezek Private Tour Guides 100% [...]<\/p>","protected":false},"author":1,"featured_media":0,"parent":0,"menu_order":0,"comment_status":"closed","ping_status":"closed","template":"elementor_header_footer","meta":{"footnotes":""},"class_list":["post-1185","page","type-page","status-publish","hentry"],"_links":{"self":[{"href":"https:\/\/turkeyhistoricaltours.com\/fr\/wp-json\/wp\/v2\/pages\/1185","targetHints":{"allow":["GET"]}}],"collection":[{"href":"https:\/\/turkeyhistoricaltours.com\/fr\/wp-json\/wp\/v2\/pages"}],"about":[{"href":"https:\/\/turkeyhistoricaltours.com\/fr\/wp-json\/wp\/v2\/types\/page"}],"author":[{"embeddable":true,"href":"https:\/\/turkeyhistoricaltours.com\/fr\/wp-json\/wp\/v2\/users\/1"}],"replies":[{"embeddable":true,"href":"https:\/\/turkeyhistoricaltours.com\/fr\/wp-json\/wp\/v2\/comments?post=1185"}],"version-history":[{"count":4,"href":"https:\/\/turkeyhistoricaltours.com\/fr\/wp-json\/wp\/v2\/pages\/1185\/revisions"}],"predecessor-version":[{"id":8244,"href":"https:\/\/turkeyhistoricaltours.com\/fr\/wp-json\/wp\/v2\/pages\/1185\/revisions\/8244"}],"wp:attachment":[{"href":"https:\/\/turkeyhistoricaltours.com\/fr\/wp-json\/wp\/v2\/media?parent=1185"}],"curies":[{"name":"wp","href":"https:\/\/api.w.org\/{rel}","templated":true}]}}