{"id":8461,"date":"2024-03-10T16:58:33","date_gmt":"2024-03-10T13:58:33","guid":{"rendered":"https:\/\/turkeyhistoricaltours.com\/?post_type=product&#038;p=8461"},"modified":"2024-03-10T17:04:23","modified_gmt":"2024-03-10T14:04:23","slug":"7-churches-tour","status":"publish","type":"product","link":"https:\/\/turkeyhistoricaltours.com\/es\/producto\/7-churches-tour\/","title":{"rendered":"Visita a 7 iglesias"},"content":{"rendered":"<p>Emb\u00e1rquese en un viaje a trav\u00e9s de la historia con nuestro cautivador Recorrido de las 7 Iglesias.<\/p>\n<p>Descubra las antiguas maravillas y el significado espiritual de las Siete Iglesias del Apocalipsis con el Tour Hist\u00f3rico de Turqu\u00eda. Nuestro recorrido, meticulosamente dise\u00f1ado, le llevar\u00e1 a explorar en profundidad estos lugares legendarios, ofreci\u00e9ndole una combinaci\u00f3n \u00fanica de inmersi\u00f3n cultural e iluminaci\u00f3n espiritual.<\/p>\n<p>Mientras recorre los paisajes de la actual Turqu\u00eda, seguir\u00e1 los pasos de las primeras comunidades cristianas y se adentrar\u00e1 en el rico tapiz de la historia b\u00edblica. Desde la m\u00edstica ciudad de \u00c9feso hasta el pintoresco pueblo de Laodicea, cada parada de nuestro Tour de las 7 Iglesias desvela capas de patrimonio religioso y esplendor arquitect\u00f3nico.<\/p>\n<p>\u00danase a nuestros gu\u00edas expertos que le conducir\u00e1n a trav\u00e9s de ruinas centenarias, compartiendo fascinantes historias y puntos de vista a lo largo del camino. Experimente la impresionante belleza de las antiguas iglesias, donde los ecos de la fe y la devoci\u00f3n resuenan a trav\u00e9s del tiempo.<\/p>\n<p>Pero nuestro recorrido es algo m\u00e1s que un viaje por el pasado: es una peregrinaci\u00f3n espiritual que llega al coraz\u00f3n y al alma. Tanto si eres un devoto creyente como un viajero curioso en busca de iluminaci\u00f3n, el Tour de las 7 Iglesias ofrece una profunda oportunidad para la reflexi\u00f3n y la renovaci\u00f3n.<\/p>\n<p>Sum\u00e9rjase en la atm\u00f3sfera sagrada de estos lugares sagrados, por donde anta\u00f1o caminaron santos y m\u00e1rtires, y donde naci\u00f3 el legado del cristianismo. Sienta la energ\u00eda espiritual que impregna cada lugar, conectando pasado y presente en un abrazo atemporal.<\/p>\n<p>Con [Tur Firmas\u0131 \u0130smi], disfrutar\u00e1 de una experiencia de viaje perfecta, con itinerarios planificados por expertos, alojamiento confortable y atenci\u00f3n personalizada en cada paso del camino. Perm\u00edtanos guiarle en este viaje transformador a trav\u00e9s de la fe y la historia.<\/p>\n<p>No pierda la oportunidad de embarcarse en la aventura de su vida. Reserve hoy mismo con nosotros su Tour de las 7 Iglesias y descubra la profunda belleza y el significado de estos antiguos monumentos.<\/p>","protected":false},"excerpt":{"rendered":"<p>Bienvenido a la antigua maravilla de \u00c9feso.<\/p>\n<p>Descubra la belleza intemporal y la rica historia de \u00c9feso con nuestros servicios tur\u00edsticos especializados. Nuestro equipo en [Tur Firmas\u0131 \u0130smi] se dedica a proporcionarle un viaje inolvidable a trav\u00e9s de este notable sitio arqueol\u00f3gico.<\/p>","protected":false},"featured_media":8462,"comment_status":"open","ping_status":"closed","template":"","meta":[],"product_cat":[50],"product_tag":[],"class_list":{"0":"post-8461","1":"product","2":"type-product","3":"status-publish","4":"has-post-thumbnail","6":"product_cat-tour","8":"first","9":"instock","10":"featured","11":"shipping-taxable","12":"purchasable","13":"product-type-ovabrw_car_rental"},"_links":{"self":[{"href":"https:\/\/turkeyhistoricaltours.com\/es\/wp-json\/wp\/v2\/product\/8461","targetHints":{"allow":["GET"]}}],"collection":[{"href":"https:\/\/turkeyhistoricaltours.com\/es\/wp-json\/wp\/v2\/product"}],"about":[{"href":"https:\/\/turkeyhistoricaltours.com\/es\/wp-json\/wp\/v2\/types\/product"}],"replies":[{"embeddable":true,"href":"https:\/\/turkeyhistoricaltours.com\/es\/wp-json\/wp\/v2\/comments?post=8461"}],"version-history":[{"count":2,"href":"https:\/\/turkeyhistoricaltours.com\/es\/wp-json\/wp\/v2\/product\/8461\/revisions"}],"predecessor-version":[{"id":8470,"href":"https:\/\/turkeyhistoricaltours.com\/es\/wp-json\/wp\/v2\/product\/8461\/revisions\/8470"}],"wp:featuredmedia":[{"embeddable":true,"href":"https:\/\/turkeyhistoricaltours.com\/es\/wp-json\/wp\/v2\/media\/8462"}],"wp:attachment":[{"href":"https:\/\/turkeyhistoricaltours.com\/es\/wp-json\/wp\/v2\/media?parent=8461"}],"wp:term":[{"taxonomy":"product_cat","embeddable":true,"href":"https:\/\/turkeyhistoricaltours.com\/es\/wp-json\/wp\/v2\/product_cat?post=8461"},{"taxonomy":"product_tag","embeddable":true,"href":"https:\/\/turkeyhistoricaltours.com\/es\/wp-json\/wp\/v2\/product_tag?post=8461"}],"curies":[{"name":"wp","href":"https:\/\/api.w.org\/{rel}","templated":true}]}}