{"id":8456,"date":"2024-03-10T16:55:04","date_gmt":"2024-03-10T13:55:04","guid":{"rendered":"https:\/\/turkeyhistoricaltours.com\/?post_type=product&#038;p=8456"},"modified":"2024-03-10T17:05:20","modified_gmt":"2024-03-10T14:05:20","slug":"ephesus-ancient-city-tour","status":"publish","type":"product","link":"https:\/\/turkeyhistoricaltours.com\/es\/producto\/ephesus-ancient-city-tour\/","title":{"rendered":"Visita a la ciudad antigua de \u00c9feso"},"content":{"rendered":"<p>Bienvenido a la antigua maravilla de \u00c9feso.<\/p>\n<p>Descubra la belleza intemporal y la rica historia de \u00c9feso con nuestros servicios tur\u00edsticos especializados. Nuestro equipo de <em><strong>Recorrido hist\u00f3rico por Turqu\u00eda<\/strong><\/em> se dedica a proporcionarle un viaje inolvidable por este extraordinario yacimiento arqueol\u00f3gico.<\/p>\n<p>Al embarcarse en su excursi\u00f3n por \u00c9feso Antik Kenti, prep\u00e1rese para retroceder en el tiempo hasta los d\u00edas de las antiguas civilizaciones. Con nuestros expertos gu\u00edas tur\u00edsticos, desentra\u00f1ar\u00e1 los misterios de esta gran ciudad, siguiendo los pasos de antiguos griegos, romanos y bizantinos.<\/p>\n<p>Nuestro servicio de visitas a \u00c9feso Antik Kenti le ofrece la oportunidad de explorar todos los rincones de este lugar declarado Patrimonio de la Humanidad por la UNESCO. Desde la emblem\u00e1tica Biblioteca de Celso hasta el gran Teatro, cada monumento guarda una historia que espera ser contada. Deje que nuestros expertos gu\u00edas den vida a la historia mientras le conducen por las antiguas calles, revel\u00e1ndole los secretos de \u00c9feso a cada paso.<\/p>\n<p>Tanto si es un entusiasta de la historia, un aficionado a la arqueolog\u00eda o simplemente un viajero curioso, nuestra excursi\u00f3n Ephesus Antik Kenti le promete una experiencia enriquecedora como ninguna otra. Sum\u00e9rjase en el esplendor de la antig\u00fcedad mientras pasea por las ruinas bien conservadas y se maravilla ante las proezas de ingenier\u00eda del pasado.<\/p>\n<p>Con nuestros paquetes tur\u00edsticos a medida, que incluyen gu\u00edas tur\u00edsticos privados y expertos en historia, tendr\u00e1 la oportunidad de personalizar su experiencia en \u00c9feso Antik Kenti para adaptarla a sus intereses y preferencias. Nuestro equipo se compromete a garantizar que su viaje por \u00c9feso sea educativo y agradable, dej\u00e1ndole recuerdos para toda la vida.<\/p>\n<p>No pierda la oportunidad de explorar uno de los yacimientos arqueol\u00f3gicos m\u00e1s fascinantes del mundo. Reserve hoy mismo con nosotros su excursi\u00f3n a \u00c9feso Antik Kenti y emb\u00e1rquese en una aventura inolvidable a trav\u00e9s de la historia.<\/p>","protected":false},"excerpt":{"rendered":"<p>Bienvenido a la antigua maravilla de \u00c9feso.<\/p>\n<p>Descubra la belleza intemporal y la rica historia de \u00c9feso con nuestros servicios tur\u00edsticos especializados. Nuestro equipo en [Tur Firmas\u0131 \u0130smi] se dedica a proporcionarle un viaje inolvidable a trav\u00e9s de este notable sitio arqueol\u00f3gico.<\/p>","protected":false},"featured_media":8459,"comment_status":"open","ping_status":"closed","template":"","meta":[],"product_cat":[50],"product_tag":[],"class_list":{"0":"post-8456","1":"product","2":"type-product","3":"status-publish","4":"has-post-thumbnail","6":"product_cat-tour","8":"first","9":"instock","10":"featured","11":"shipping-taxable","12":"purchasable","13":"product-type-ovabrw_car_rental"},"_links":{"self":[{"href":"https:\/\/turkeyhistoricaltours.com\/es\/wp-json\/wp\/v2\/product\/8456","targetHints":{"allow":["GET"]}}],"collection":[{"href":"https:\/\/turkeyhistoricaltours.com\/es\/wp-json\/wp\/v2\/product"}],"about":[{"href":"https:\/\/turkeyhistoricaltours.com\/es\/wp-json\/wp\/v2\/types\/product"}],"replies":[{"embeddable":true,"href":"https:\/\/turkeyhistoricaltours.com\/es\/wp-json\/wp\/v2\/comments?post=8456"}],"version-history":[{"count":2,"href":"https:\/\/turkeyhistoricaltours.com\/es\/wp-json\/wp\/v2\/product\/8456\/revisions"}],"predecessor-version":[{"id":8471,"href":"https:\/\/turkeyhistoricaltours.com\/es\/wp-json\/wp\/v2\/product\/8456\/revisions\/8471"}],"wp:featuredmedia":[{"embeddable":true,"href":"https:\/\/turkeyhistoricaltours.com\/es\/wp-json\/wp\/v2\/media\/8459"}],"wp:attachment":[{"href":"https:\/\/turkeyhistoricaltours.com\/es\/wp-json\/wp\/v2\/media?parent=8456"}],"wp:term":[{"taxonomy":"product_cat","embeddable":true,"href":"https:\/\/turkeyhistoricaltours.com\/es\/wp-json\/wp\/v2\/product_cat?post=8456"},{"taxonomy":"product_tag","embeddable":true,"href":"https:\/\/turkeyhistoricaltours.com\/es\/wp-json\/wp\/v2\/product_tag?post=8456"}],"curies":[{"name":"wp","href":"https:\/\/api.w.org\/{rel}","templated":true}]}}