{"id":8425,"date":"2024-03-09T02:32:14","date_gmt":"2024-03-08T23:32:14","guid":{"rendered":"https:\/\/turkeyhistoricaltours.com\/?post_type=product&#038;p=8425"},"modified":"2024-03-09T03:30:00","modified_gmt":"2024-03-09T00:30:00","slug":"catalhoyuk-tour","status":"publish","type":"product","link":"https:\/\/turkeyhistoricaltours.com\/es\/producto\/catalhoyuk-tour\/","title":{"rendered":"Excursi\u00f3n a \u00c7atalh\u00f6y\u00fck"},"content":{"rendered":"<p><strong>Descubrir el antiguo asentamiento de \u00c7atalh\u00f6y\u00fck<\/strong><\/p>\n<p>Bienvenido a \u00c7atalh\u00f6y\u00fck, una maravilla arqueol\u00f3gica enclavada en el coraz\u00f3n de Anatolia, Turqu\u00eda. Al embarcarse en este viaje en el tiempo, prep\u00e1rese para desentra\u00f1ar los misterios de uno de los asentamientos conocidos m\u00e1s antiguos del mundo. Acomp\u00e1\u00f1enos a explorar las antiguas calles y viviendas de \u00c7atalh\u00f6y\u00fck, donde la historia cobra vida.<\/p>\n<p><strong>Introducci\u00f3n a \u00c7atalh\u00f6y\u00fck:<\/strong> \u00c7atalh\u00f6y\u00fck, que significa \"mont\u00edculo bifurcado\" en turco, es un yacimiento neol\u00edtico de m\u00e1s de 9.000 a\u00f1os de antig\u00fcedad. Descubierto en la d\u00e9cada de 1950 por el arque\u00f3logo brit\u00e1nico James Mellaart, \u00c7atalh\u00f6y\u00fck ha cautivado desde entonces la imaginaci\u00f3n de historiadores y arque\u00f3logos por igual. Sus restos, extraordinariamente bien conservados, ofrecen una visi\u00f3n \u00fanica de la vida de las primeras sociedades agr\u00edcolas.<\/p>\n<p><strong>Explorando la ciudad antigua:<\/strong> Al adentrarse en los polvorientos caminos de \u00c7atalh\u00f6y\u00fck, deje volar su imaginaci\u00f3n hasta la \u00e9poca en que este bullicioso asentamiento prosperaba. El yacimiento est\u00e1 formado por casas de adobe densamente api\u00f1adas, interconectadas por estrechos callejones y patios. Marav\u00edllese ante las intrincadas pinturas murales que adornan el interior de estas casas y que representan escenas de la vida cotidiana, la caza y pr\u00e1cticas rituales.<\/p>\n<p><strong>Servicios especiales de gu\u00eda tur\u00edstico:<\/strong> Para disfrutar de una experiencia a\u00fan mejor, contrate los servicios de nuestros expertos gu\u00edas tur\u00edsticos privados. Nuestros expertos gu\u00edas le guiar\u00e1n por las laber\u00ednticas calles de \u00c7atalh\u00f6y\u00fck, ofreci\u00e9ndole informaci\u00f3n sobre su historia, arquitectura e importancia en el desarrollo de la civilizaci\u00f3n humana. Con su experiencia, descubrir\u00e1 tesoros ocultos e historias nunca contadas enterradas bajo las capas del tiempo.<\/p>\n<p><strong>La mejor experiencia como gu\u00eda tur\u00edstico:<\/strong> Emb\u00e1rquese en un viaje de descubrimiento con los mejores gu\u00edas tur\u00edsticos de \u00c7atalh\u00f6y\u00fck. A nuestros gu\u00edas les apasiona compartir las maravillas de este antiguo yacimiento con visitantes de todo el mundo. Tanto si es un entusiasta de la historia, un aficionado a la arqueolog\u00eda o simplemente siente curiosidad por el pasado, nuestros gu\u00edas le garantizar\u00e1n una experiencia inolvidable adaptada a sus intereses.<\/p>\n<p><strong>Conclusi\u00f3n:<\/strong> Cuando su exploraci\u00f3n de \u00c7atalh\u00f6y\u00fck llegue a su fin, reflexione sobre el rico tapiz de historia humana que se teje entre sus antiguos muros. Este lugar, declarado Patrimonio de la Humanidad por la UNESCO, es testimonio del ingenio y la resistencia de nuestros antepasados y ofrece una valiosa perspectiva de los albores de la civilizaci\u00f3n. Acomp\u00e1\u00f1enos a descubrir los secretos de \u00c7atalh\u00f6y\u00fck, donde el pasado se encuentra con el presente en un viaje a trav\u00e9s del tiempo.<\/p>\n<p>Gracias por elegir \u00c7atalh\u00f6y\u00fck como destino. Esperamos que esta experiencia haya despertado su curiosidad y le haya dejado un profundo aprecio por las maravillas del mundo antiguo. Hasta que nos volvamos a encontrar, que los ecos del pasado de \u00c7atalh\u00f6y\u00fck inspiren a las generaciones futuras a explorar y comprender las complejidades de nuestro patrimonio humano com\u00fan.<\/p>","protected":false},"excerpt":{"rendered":"<p>Desvelando la historia de G\u00f6beklitepe<br \/>\nLa historia de G\u00f6beklitepe es tan fascinante como antigua. Descubierto en 1963 y excavado desde mediados de la d\u00e9cada de 1990, este yacimiento desaf\u00eda las opiniones tradicionales sobre el surgimiento de la civilizaci\u00f3n. Las estructuras megal\u00edticas, adornadas con intrincadas tallas de animales y s\u00edmbolos abstractos, sugieren un nivel de sofisticaci\u00f3n hasta ahora desconocido en las sociedades neol\u00edticas.<\/p>","protected":false},"featured_media":8421,"comment_status":"open","ping_status":"closed","template":"","meta":[],"product_cat":[50],"product_tag":[],"class_list":{"0":"post-8425","1":"product","2":"type-product","3":"status-publish","4":"has-post-thumbnail","6":"product_cat-tour","8":"first","9":"instock","10":"featured","11":"shipping-taxable","12":"purchasable","13":"product-type-ovabrw_car_rental"},"_links":{"self":[{"href":"https:\/\/turkeyhistoricaltours.com\/es\/wp-json\/wp\/v2\/product\/8425","targetHints":{"allow":["GET"]}}],"collection":[{"href":"https:\/\/turkeyhistoricaltours.com\/es\/wp-json\/wp\/v2\/product"}],"about":[{"href":"https:\/\/turkeyhistoricaltours.com\/es\/wp-json\/wp\/v2\/types\/product"}],"replies":[{"embeddable":true,"href":"https:\/\/turkeyhistoricaltours.com\/es\/wp-json\/wp\/v2\/comments?post=8425"}],"version-history":[{"count":1,"href":"https:\/\/turkeyhistoricaltours.com\/es\/wp-json\/wp\/v2\/product\/8425\/revisions"}],"predecessor-version":[{"id":8430,"href":"https:\/\/turkeyhistoricaltours.com\/es\/wp-json\/wp\/v2\/product\/8425\/revisions\/8430"}],"wp:featuredmedia":[{"embeddable":true,"href":"https:\/\/turkeyhistoricaltours.com\/es\/wp-json\/wp\/v2\/media\/8421"}],"wp:attachment":[{"href":"https:\/\/turkeyhistoricaltours.com\/es\/wp-json\/wp\/v2\/media?parent=8425"}],"wp:term":[{"taxonomy":"product_cat","embeddable":true,"href":"https:\/\/turkeyhistoricaltours.com\/es\/wp-json\/wp\/v2\/product_cat?post=8425"},{"taxonomy":"product_tag","embeddable":true,"href":"https:\/\/turkeyhistoricaltours.com\/es\/wp-json\/wp\/v2\/product_tag?post=8425"}],"curies":[{"name":"wp","href":"https:\/\/api.w.org\/{rel}","templated":true}]}}