{"id":8417,"date":"2024-03-09T02:21:09","date_gmt":"2024-03-08T23:21:09","guid":{"rendered":"https:\/\/turkeyhistoricaltours.com\/?post_type=product&#038;p=8417"},"modified":"2024-03-09T02:30:04","modified_gmt":"2024-03-08T23:30:04","slug":"gobekli-tepe-tour","status":"publish","type":"product","link":"https:\/\/turkeyhistoricaltours.com\/es\/producto\/gobekli-tepe-tour\/","title":{"rendered":"Visita a G\u00f6bekli Tepe"},"content":{"rendered":"<p><strong>Exploraci\u00f3n del enigm\u00e1tico G\u00f6bekli Tepe<\/strong><\/p>\n<p>Bienvenido a G\u00f6bekli Tepe, un yacimiento que rebobina la cinta de la historia, revelando los enigm\u00e1ticos inicios de la civilizaci\u00f3n humana. Situado en el sureste de Turqu\u00eda, G\u00f6bekli Tepe es una maravilla arqueol\u00f3gica, a menudo calificada como el complejo de templos m\u00e1s antiguo del mundo. Acomp\u00e1\u00f1enos en un viaje a trav\u00e9s del tiempo mientras nos adentramos en los misterios de esta antigua maravilla.<\/p>\n<p><strong>Introducci\u00f3n a G\u00f6bekli Tepe:<\/strong> G\u00f6bekli Tepe, que significa \"Colina de la Barriga\" en turco, se descubri\u00f3 por primera vez en la d\u00e9cada de 1960, pero su importancia no se reconoci\u00f3 plenamente hasta la d\u00e9cada de 1990. Las excavaciones dirigidas por Klaus Schmidt, del Instituto Arqueol\u00f3gico Alem\u00e1n, revelaron hallazgos asombrosos: enormes pilares de piedra intrincadamente tallados con elaborados relieves, dispuestos en patrones circulares, anteriores a la invenci\u00f3n de la cer\u00e1mica y la agricultura.<\/p>\n<p><strong>El antiguo santuario:<\/strong> Ad\u00e9ntrese en el pasado mientras explora los intrincados pilares tallados de G\u00f6bekli Tepe. El yacimiento consta de varios recintos circulares, cada uno de ellos con pilares de piedra caliza en forma de T, algunos de los cuales alcanzan los 16 pies de altura y pesan varias toneladas. Estos pilares est\u00e1n adornados con intrincados relieves que representan diversos animales, como leones, serpientes, zorros y p\u00e1jaros, lo que sugiere un complejo lenguaje simb\u00f3lico de los antiguos pueblos que construyeron este yacimiento.<\/p>\n<p><strong>Teor\u00edas e interpretaciones:<\/strong> Mientras paseamos por las ruinas, reflexionamos sobre las m\u00faltiples teor\u00edas que rodean a G\u00f6bekli Tepe. Algunos investigadores sugieren que sirvi\u00f3 como centro ritual para las sociedades de cazadores-recolectores, donde se celebraban reuniones y ceremonias comunales. Otros proponen que fue un lugar de peregrinaci\u00f3n o un precursor de la religi\u00f3n organizada. A pesar de d\u00e9cadas de estudio, G\u00f6bekli Tepe sigue desconcertando a los arque\u00f3logos, desafiando nuestra comprensi\u00f3n de la civilizaci\u00f3n humana primitiva.<\/p>\n<p><strong>Preservaci\u00f3n y exploraci\u00f3n futura:<\/strong> La importancia de G\u00f6bekli Tepe va m\u00e1s all\u00e1 de su valor hist\u00f3rico; tambi\u00e9n presenta un reto de conservaci\u00f3n \u00fanico. La naturaleza expuesta del yacimiento lo hace susceptible a la erosi\u00f3n y la degradaci\u00f3n. Se est\u00e1n realizando esfuerzos para preservar y proteger G\u00f6bekli Tepe para las generaciones futuras, equilibrando la necesidad de conservaci\u00f3n con la investigaci\u00f3n y exploraci\u00f3n en curso.<\/p>\n<p><strong>Conclusi\u00f3n:<\/strong> Cuando nuestra visita a G\u00f6bekli Tepe llegue a su fin, reflexione sobre los profundos misterios que encierran sus antiguas piedras. Este lugar declarado Patrimonio de la Humanidad por la UNESCO nos ofrece una ventana al pasado m\u00e1s remoto de la humanidad, desafi\u00e1ndonos a reconsiderar nuestras nociones de civilizaci\u00f3n y los or\u00edgenes de las pr\u00e1cticas religiosas y culturales. Acomp\u00e1\u00f1enos a desentra\u00f1ar los secretos de G\u00f6bekli Tepe, donde el pasado se encuentra con el presente en una eterna danza de descubrimientos.<\/p>\n<p>Gracias por explorar G\u00f6bekli Tepe con nosotros. Esperamos que este viaje haya despertado su curiosidad y le haya dejado maravillado ante las antiguas maravillas que yacen bajo la superficie de Potbelly Hill. Hasta que volvamos a encontrarnos, que los ecos del pasado nos gu\u00eden hacia una comprensi\u00f3n m\u00e1s profunda de nuestra historia humana com\u00fan.<\/p>\n<p><em>Mejor gu\u00eda tur\u00edstico, gu\u00eda tur\u00edstico privado, gu\u00eda tur\u00edstico de Estambul<\/em><\/p>","protected":false},"excerpt":{"rendered":"<p>Desvelando la historia de G\u00f6beklitepe<br \/>\nLa historia de G\u00f6beklitepe es tan fascinante como antigua. Descubierto en 1963 y excavado desde mediados de la d\u00e9cada de 1990, este yacimiento desaf\u00eda las opiniones tradicionales sobre el surgimiento de la civilizaci\u00f3n. Las estructuras megal\u00edticas, adornadas con intrincadas tallas de animales y s\u00edmbolos abstractos, sugieren un nivel de sofisticaci\u00f3n hasta ahora desconocido en las sociedades neol\u00edticas.<\/p>","protected":false},"featured_media":8419,"comment_status":"open","ping_status":"closed","template":"","meta":[],"product_cat":[50],"product_tag":[],"class_list":{"0":"post-8417","1":"product","2":"type-product","3":"status-publish","4":"has-post-thumbnail","6":"product_cat-tour","8":"first","9":"instock","10":"featured","11":"shipping-taxable","12":"purchasable","13":"product-type-ovabrw_car_rental"},"_links":{"self":[{"href":"https:\/\/turkeyhistoricaltours.com\/es\/wp-json\/wp\/v2\/product\/8417","targetHints":{"allow":["GET"]}}],"collection":[{"href":"https:\/\/turkeyhistoricaltours.com\/es\/wp-json\/wp\/v2\/product"}],"about":[{"href":"https:\/\/turkeyhistoricaltours.com\/es\/wp-json\/wp\/v2\/types\/product"}],"replies":[{"embeddable":true,"href":"https:\/\/turkeyhistoricaltours.com\/es\/wp-json\/wp\/v2\/comments?post=8417"}],"version-history":[{"count":1,"href":"https:\/\/turkeyhistoricaltours.com\/es\/wp-json\/wp\/v2\/product\/8417\/revisions"}],"predecessor-version":[{"id":8423,"href":"https:\/\/turkeyhistoricaltours.com\/es\/wp-json\/wp\/v2\/product\/8417\/revisions\/8423"}],"wp:featuredmedia":[{"embeddable":true,"href":"https:\/\/turkeyhistoricaltours.com\/es\/wp-json\/wp\/v2\/media\/8419"}],"wp:attachment":[{"href":"https:\/\/turkeyhistoricaltours.com\/es\/wp-json\/wp\/v2\/media?parent=8417"}],"wp:term":[{"taxonomy":"product_cat","embeddable":true,"href":"https:\/\/turkeyhistoricaltours.com\/es\/wp-json\/wp\/v2\/product_cat?post=8417"},{"taxonomy":"product_tag","embeddable":true,"href":"https:\/\/turkeyhistoricaltours.com\/es\/wp-json\/wp\/v2\/product_tag?post=8417"}],"curies":[{"name":"wp","href":"https:\/\/api.w.org\/{rel}","templated":true}]}}