{"id":8364,"date":"2024-02-11T22:59:03","date_gmt":"2024-02-11T19:59:03","guid":{"rendered":"https:\/\/turkeyhistoricaltours.com\/?post_type=product&#038;p=8364"},"modified":"2024-03-09T03:26:50","modified_gmt":"2024-03-09T00:26:50","slug":"kapadokya-tour","status":"publish","type":"product","link":"https:\/\/turkeyhistoricaltours.com\/es\/producto\/kapadokya-tour\/","title":{"rendered":"Recorrido por Kapadokya"},"content":{"rendered":"<p><strong>Descubra el encanto de Capadocia<\/strong><\/p>\n<p>Enclavada en el coraz\u00f3n de Turqu\u00eda, Capadocia es una regi\u00f3n sin igual que cautiva a los visitantes con sus paisajes surrealistas, su historia antigua y su patrimonio cultural \u00fanico. Conocida por sus chimeneas de hadas, cuevas y formaciones rocosas de otro mundo, Capadocia es un tesoro de maravillas por explorar.<\/p>\n<p>Una de las caracter\u00edsticas m\u00e1s emblem\u00e1ticas de Capadocia son sus chimeneas de hadas, altas formaciones rocosas en forma de cono que salpican el paisaje. Esculpidas por siglos de viento y erosi\u00f3n, estas formaciones geol\u00f3gicas crean una escena fascinante, sobre todo al amanecer y al atardecer, cuando est\u00e1n ba\u00f1adas por una luz dorada.<\/p>\n<p>Igualmente cautivadoras son las cuevas y ciudades subterr\u00e1neas que salpican la regi\u00f3n. Estos antiguos asentamientos, que datan de hace miles de a\u00f1os, sirvieron como hogares, iglesias e incluso ciudades enteras excavadas en la blanda roca volc\u00e1nica. Explorar estos complejos subterr\u00e1neos permite vislumbrar el ingenio y la resistencia de civilizaciones pasadas.<\/p>\n<p>La rica historia de Capadocia tambi\u00e9n queda patente en sus numerosas iglesias excavadas en la roca y capillas rupestres decoradas con frescos. Adornadas con intrincadas obras de arte bizantino, estas joyas ocultas ofrecen una visi\u00f3n del patrimonio religioso y cultural de la regi\u00f3n.<\/p>\n<p>Para el viajero aventurero, Capadocia ofrece un sinf\u00edn de actividades al aire libre, desde paseos en globo aerost\u00e1tico sobre el paisaje surrealista hasta senderismo y paseos a caballo por pintorescos valles. El accidentado terreno de la regi\u00f3n y sus impresionantes vistas son el tel\u00f3n de fondo perfecto para vivir aventuras inolvidables.<\/p>\n<p>Adem\u00e1s de sus atractivos naturales e hist\u00f3ricos, Capadocia presume de una vibrante escena cultural, con animados mercados, m\u00fasica folcl\u00f3rica tradicional y una exquisita gastronom\u00eda. Pruebe delicias locales como el testi kebab\u0131 (kebab de cer\u00e1mica) y el g\u00f6zleme (pan plano relleno) mientras se sumerge en la c\u00e1lida hospitalidad de los lugare\u00f1os.<\/p>\n<p>Tanto si es un aficionado a la historia, un aventurero o simplemente busca una belleza sin igual, Capadocia tiene algo que ofrecer a todo el mundo. Con sus paisajes de otro mundo y su rico patrimonio cultural, esta cautivadora regi\u00f3n invita a los visitantes a embarcarse en un viaje de descubrimiento sin igual.<\/p>","protected":false},"excerpt":{"rendered":"<p>Enclavada en el coraz\u00f3n de Turqu\u00eda, Capadocia es una regi\u00f3n sin igual que cautiva a los visitantes con sus paisajes surrealistas, su historia antigua y su patrimonio cultural \u00fanico. Conocida por sus chimeneas de hadas, cuevas y formaciones rocosas de otro mundo, Capadocia es un tesoro de maravillas por explorar.<\/p>","protected":false},"featured_media":8366,"comment_status":"open","ping_status":"closed","template":"","meta":[],"product_cat":[50],"product_tag":[],"class_list":{"0":"post-8364","1":"product","2":"type-product","3":"status-publish","4":"has-post-thumbnail","6":"product_cat-tour","8":"first","9":"instock","10":"featured","11":"shipping-taxable","12":"purchasable","13":"product-type-ovabrw_car_rental"},"_links":{"self":[{"href":"https:\/\/turkeyhistoricaltours.com\/es\/wp-json\/wp\/v2\/product\/8364","targetHints":{"allow":["GET"]}}],"collection":[{"href":"https:\/\/turkeyhistoricaltours.com\/es\/wp-json\/wp\/v2\/product"}],"about":[{"href":"https:\/\/turkeyhistoricaltours.com\/es\/wp-json\/wp\/v2\/types\/product"}],"replies":[{"embeddable":true,"href":"https:\/\/turkeyhistoricaltours.com\/es\/wp-json\/wp\/v2\/comments?post=8364"}],"version-history":[{"count":1,"href":"https:\/\/turkeyhistoricaltours.com\/es\/wp-json\/wp\/v2\/product\/8364\/revisions"}],"predecessor-version":[{"id":8369,"href":"https:\/\/turkeyhistoricaltours.com\/es\/wp-json\/wp\/v2\/product\/8364\/revisions\/8369"}],"wp:featuredmedia":[{"embeddable":true,"href":"https:\/\/turkeyhistoricaltours.com\/es\/wp-json\/wp\/v2\/media\/8366"}],"wp:attachment":[{"href":"https:\/\/turkeyhistoricaltours.com\/es\/wp-json\/wp\/v2\/media?parent=8364"}],"wp:term":[{"taxonomy":"product_cat","embeddable":true,"href":"https:\/\/turkeyhistoricaltours.com\/es\/wp-json\/wp\/v2\/product_cat?post=8364"},{"taxonomy":"product_tag","embeddable":true,"href":"https:\/\/turkeyhistoricaltours.com\/es\/wp-json\/wp\/v2\/product_tag?post=8364"}],"curies":[{"name":"wp","href":"https:\/\/api.w.org\/{rel}","templated":true}]}}