{"id":8346,"date":"2024-02-11T19:57:21","date_gmt":"2024-02-11T16:57:21","guid":{"rendered":"https:\/\/turkeyhistoricaltours.com\/?post_type=product&#038;p=8346"},"modified":"2024-03-09T03:25:18","modified_gmt":"2024-03-09T00:25:18","slug":"pamukkale-tour","status":"publish","type":"product","link":"https:\/\/turkeyhistoricaltours.com\/es\/producto\/pamukkale-tour\/","title":{"rendered":"Excursi\u00f3n a Pamukkale"},"content":{"rendered":"<p><strong>La magia del blanco: Pamukkale<\/strong><\/p>\n<p>Pamukkale, la perla del Egeo, es un destino mundialmente conocido por su belleza natural y su importancia hist\u00f3rica. Situado en la parte occidental de Turqu\u00eda, dentro de los l\u00edmites de la provincia de Denizli, este magn\u00edfico lugar atrae cada a\u00f1o a miles de turistas con sus aguas termales, terrazas de travertino y ruinas antiguas.<\/p>\n<p>Lo m\u00e1s llamativo de Pamukkale son sus terrazas de travertino blanco. Formadas a lo largo del tiempo por la deposici\u00f3n de carbonato c\u00e1lcico procedente de aguas subterr\u00e1neas ricas en minerales, este espect\u00e1culo \u00fanico se asemeja a un campo de algod\u00f3n. Esta maravilla natural se ha ganado un lugar en la Lista del Patrimonio Mundial de la UNESCO, s\u00edmbolo de su importancia mundial para la conservaci\u00f3n.<\/p>\n<p>Famosas por sus fuentes termales, las c\u00e1lidas aguas de Pamukkale han sido fuente de curaci\u00f3n y relajaci\u00f3n durante milenios. Se cree que estos manantiales ricos en minerales alivian diversos problemas de salud, desde afecciones cut\u00e1neas hasta dolencias reum\u00e1ticas. La creencia en las propiedades terap\u00e9uticas de estas aguas termales se remonta a la antig\u00fcedad y sigue atrayendo a visitantes en busca de rejuvenecimiento.<\/p>\n<p>Rica tambi\u00e9n en historia, Pamukkale cuenta con la antigua ciudad de Hier\u00e1polis. Fundada durante el Imperio Romano, esta antigua ciudad conserva las huellas de numerosas civilizaciones. El antiguo teatro, los ba\u00f1os romanos, el ninfeo y las ruinas de varios templos sumergen al visitante en el esplendor de la antig\u00fcedad.<\/p>\n<p>Los visitantes de Pamukkale no s\u00f3lo se deleitan con sus maravillas naturales e hist\u00f3ricas, sino que tambi\u00e9n tienen la oportunidad de experimentar la rica cultura de la regi\u00f3n. Pruebe los manjares locales, explore los talleres de artesan\u00eda tradicional y sum\u00e9rjase en la hospitalidad de los lugare\u00f1os.<\/p>\n<p>Aunque Pamukkale puede visitarse durante todo el a\u00f1o, las \u00e9pocas m\u00e1s propicias son los meses de primavera y oto\u00f1o, cuando las temperaturas son m\u00e1s suaves y hay menos aglomeraciones tur\u00edsticas.<\/p>\n<p>Pamukkale, una de las maravillas naturales m\u00e1s cautivadoras de Turqu\u00eda, ofrece a los visitantes una experiencia \u00fanica. Este extraordinario lugar, donde convergen naturaleza e historia, sigue encantando a cualquiera que busque crear recuerdos inolvidables.<\/p>","protected":false},"excerpt":{"rendered":"<p>Pamukkale, la perla del Egeo, es un destino mundialmente conocido por su belleza natural y su importancia hist\u00f3rica. Situado en la parte occidental de Turqu\u00eda, dentro de los l\u00edmites de la provincia de Denizli, este magn\u00edfico lugar atrae cada a\u00f1o a miles de turistas con sus aguas termales, terrazas de travertino y ruinas antiguas.<\/p>","protected":false},"featured_media":8349,"comment_status":"open","ping_status":"closed","template":"","meta":[],"product_cat":[50],"product_tag":[],"class_list":{"0":"post-8346","1":"product","2":"type-product","3":"status-publish","4":"has-post-thumbnail","6":"product_cat-tour","8":"first","9":"instock","10":"featured","11":"shipping-taxable","12":"purchasable","13":"product-type-ovabrw_car_rental"},"_links":{"self":[{"href":"https:\/\/turkeyhistoricaltours.com\/es\/wp-json\/wp\/v2\/product\/8346","targetHints":{"allow":["GET"]}}],"collection":[{"href":"https:\/\/turkeyhistoricaltours.com\/es\/wp-json\/wp\/v2\/product"}],"about":[{"href":"https:\/\/turkeyhistoricaltours.com\/es\/wp-json\/wp\/v2\/types\/product"}],"replies":[{"embeddable":true,"href":"https:\/\/turkeyhistoricaltours.com\/es\/wp-json\/wp\/v2\/comments?post=8346"}],"version-history":[{"count":2,"href":"https:\/\/turkeyhistoricaltours.com\/es\/wp-json\/wp\/v2\/product\/8346\/revisions"}],"predecessor-version":[{"id":8352,"href":"https:\/\/turkeyhistoricaltours.com\/es\/wp-json\/wp\/v2\/product\/8346\/revisions\/8352"}],"wp:featuredmedia":[{"embeddable":true,"href":"https:\/\/turkeyhistoricaltours.com\/es\/wp-json\/wp\/v2\/media\/8349"}],"wp:attachment":[{"href":"https:\/\/turkeyhistoricaltours.com\/es\/wp-json\/wp\/v2\/media?parent=8346"}],"wp:term":[{"taxonomy":"product_cat","embeddable":true,"href":"https:\/\/turkeyhistoricaltours.com\/es\/wp-json\/wp\/v2\/product_cat?post=8346"},{"taxonomy":"product_tag","embeddable":true,"href":"https:\/\/turkeyhistoricaltours.com\/es\/wp-json\/wp\/v2\/product_tag?post=8346"}],"curies":[{"name":"wp","href":"https:\/\/api.w.org\/{rel}","templated":true}]}}