{"id":8175,"date":"2023-12-01T15:40:01","date_gmt":"2023-12-01T12:40:01","guid":{"rendered":"https:\/\/turkeyhistoricaltours.com\/?post_type=product&#038;p=8175"},"modified":"2024-02-11T20:31:18","modified_gmt":"2024-02-11T17:31:18","slug":"sultanahmet-mosque","status":"publish","type":"product","link":"https:\/\/turkeyhistoricaltours.com\/es\/producto\/sultanahmet-mosque\/","title":{"rendered":"Mezquita de Sultanahmet"},"content":{"rendered":"<p><strong>Mezquita de Sultanahmet: Una joya del horizonte de Estambul<\/strong><\/p>\n<p>La Mezquita de Sultanahmet, tambi\u00e9n conocida como la Mezquita Azul, es uno de los monumentos m\u00e1s emblem\u00e1ticos e impresionantes de Estambul (Turqu\u00eda). Esta magn\u00edfica mezquita, con su llamativo interior de azulejos azules y sus seis alt\u00edsimos minaretes, es un testimonio de la rica historia y el esplendor arquitect\u00f3nico de la ciudad.<\/p>\n<p><strong>Importancia hist\u00f3rica:<\/strong> Construida a principios del siglo XVII, durante el reinado del sult\u00e1n Ahmed I, la mezquita de Sultanahmet fue dise\u00f1ada para rivalizar con la cercana Santa Sof\u00eda. Su construcci\u00f3n fue un gran gesto de riqueza y poder imperial, y sigue siendo un s\u00edmbolo de los logros culturales y arquitect\u00f3nicos del Imperio Otomano.<\/p>\n<p><strong>Maravilla arquitect\u00f3nica:<\/strong> La Mezquita Azul es famosa por su impresionante arquitectura, con una c\u00fapula central flanqueada por c\u00fapulas y semic\u00fapulas m\u00e1s peque\u00f1as, que crean una sensaci\u00f3n de grandeza y amplitud. Su interior est\u00e1 adornado con exquisitos azulejos azules, intrincada caligraf\u00eda e intrincados motivos florales, que dan a la mezquita su sobrenombre.<\/p>\n<p><strong>Seis minaretes:<\/strong> Uno de los rasgos m\u00e1s distintivos de la mezquita son sus seis alt\u00edsimos minaretes, algo poco habitual en la arquitectura isl\u00e1mica. Cuenta la leyenda que el sult\u00e1n encarg\u00f3 seis minaretes para la mezquita, igualando involuntariamente el n\u00famero de minaretes de la Gran Mezquita de La Meca. Esto provoc\u00f3 un incidente diplom\u00e1tico que acab\u00f3 resolvi\u00e9ndose.<\/p>\n<p><strong>Visita a la Mezquita:<\/strong> Los visitantes de la Mezquita Azul pueden explorar su impresionante interior, pero es importante tener en cuenta las horas de oraci\u00f3n, cuando la mezquita est\u00e1 cerrada a los turistas. Es obligatorio vestir con modestia, y las mujeres disponen de pa\u00f1uelos para cubrirse la cabeza si es necesario. El amplio patio de la mezquita y el parque que la rodea ofrecen un entorno tranquilo para admirar su exterior y contemplar las vistas panor\u00e1micas de Estambul.<\/p>\n<p><strong>Informaci\u00f3n pr\u00e1ctica:<\/strong><\/p>\n<ul>\n<li>Direcci\u00f3n: Sultan Ahmet Mahallesi, Atmeydan\u0131 Cd. No:7, 34122 Fatih\/\u0130stanbul, Turqu\u00eda.<\/li>\n<li>Horario de apertura: La mezquita est\u00e1 abierta a los visitantes fuera de las horas de oraci\u00f3n. Est\u00e1 cerrada a los turistas durante las cinco sesiones diarias de oraci\u00f3n. Consulte los horarios espec\u00edficos antes de su visita.<\/li>\n<li>Entrada: No hay que pagar entrada para visitar la mezquita, pero se agradecen las donaciones para ayudar a su mantenimiento y restauraci\u00f3n.<\/li>\n<\/ul>\n<p>La mezquita de Sultanahmet, con su impresionante mezcla de historia, arquitectura y espiritualidad, es un destino de visita obligada para los viajeros a Estambul. Es a la vez un lugar de culto y un s\u00edmbolo del perdurable legado cultural e hist\u00f3rico de la ciudad, y recibe a visitantes de todo el mundo que se maravillan ante su belleza e importancia.<\/p>","protected":false},"excerpt":{"rendered":"<p>La Mezquita de Sultanahmet, tambi\u00e9n conocida como la Mezquita Azul, es uno de los monumentos m\u00e1s emblem\u00e1ticos e impresionantes de Estambul (Turqu\u00eda). Esta magn\u00edfica mezquita, con su llamativo interior de azulejos azules y sus seis alt\u00edsimos minaretes, es un testimonio de la rica historia y el esplendor arquitect\u00f3nico de la ciudad.<\/p>","protected":false},"featured_media":8192,"comment_status":"open","ping_status":"closed","template":"","meta":[],"product_cat":[50],"product_tag":[],"class_list":{"0":"post-8175","1":"product","2":"type-product","3":"status-publish","4":"has-post-thumbnail","6":"product_cat-tour","8":"first","9":"instock","10":"featured","11":"shipping-taxable","12":"purchasable","13":"product-type-ovabrw_car_rental"},"_links":{"self":[{"href":"https:\/\/turkeyhistoricaltours.com\/es\/wp-json\/wp\/v2\/product\/8175","targetHints":{"allow":["GET"]}}],"collection":[{"href":"https:\/\/turkeyhistoricaltours.com\/es\/wp-json\/wp\/v2\/product"}],"about":[{"href":"https:\/\/turkeyhistoricaltours.com\/es\/wp-json\/wp\/v2\/types\/product"}],"replies":[{"embeddable":true,"href":"https:\/\/turkeyhistoricaltours.com\/es\/wp-json\/wp\/v2\/comments?post=8175"}],"version-history":[{"count":1,"href":"https:\/\/turkeyhistoricaltours.com\/es\/wp-json\/wp\/v2\/product\/8175\/revisions"}],"predecessor-version":[{"id":8176,"href":"https:\/\/turkeyhistoricaltours.com\/es\/wp-json\/wp\/v2\/product\/8175\/revisions\/8176"}],"wp:featuredmedia":[{"embeddable":true,"href":"https:\/\/turkeyhistoricaltours.com\/es\/wp-json\/wp\/v2\/media\/8192"}],"wp:attachment":[{"href":"https:\/\/turkeyhistoricaltours.com\/es\/wp-json\/wp\/v2\/media?parent=8175"}],"wp:term":[{"taxonomy":"product_cat","embeddable":true,"href":"https:\/\/turkeyhistoricaltours.com\/es\/wp-json\/wp\/v2\/product_cat?post=8175"},{"taxonomy":"product_tag","embeddable":true,"href":"https:\/\/turkeyhistoricaltours.com\/es\/wp-json\/wp\/v2\/product_tag?post=8175"}],"curies":[{"name":"wp","href":"https:\/\/api.w.org\/{rel}","templated":true}]}}