{"id":8165,"date":"2023-12-01T15:13:02","date_gmt":"2023-12-01T12:13:02","guid":{"rendered":"https:\/\/turkeyhistoricaltours.com\/?post_type=product&#038;p=8165"},"modified":"2024-02-11T20:32:16","modified_gmt":"2024-02-11T17:32:16","slug":"topkapi-palace","status":"publish","type":"product","link":"https:\/\/turkeyhistoricaltours.com\/es\/producto\/topkapi-palace\/","title":{"rendered":"Palacio Topkap\u0131"},"content":{"rendered":"<p><strong>Palacio de Topkap\u0131: Un vistazo al esplendor otomano<\/strong><\/p>\n<p>El Palacio Topkap\u0131, situado en el coraz\u00f3n de Estambul (Turqu\u00eda), es un magn\u00edfico complejo hist\u00f3rico que ofrece un fascinante viaje por el opulento mundo del Imperio Otomano. Este emblem\u00e1tico palacio, que fue la residencia principal de los sultanes otomanos durante m\u00e1s de 400 a\u00f1os, es un testimonio de la rica historia y la grandeza del imperio.<\/p>\n<p><strong>Importancia hist\u00f3rica:<\/strong> Construido en 1459 por el sult\u00e1n Mehmed el Conquistador, el palacio Topkap\u0131 fue testigo del auge y la ca\u00edda del Imperio Otomano. Durante siglos fue el centro pol\u00edtico y administrativo del imperio, albergando a los sultanes y su extensa corte. El palacio tambi\u00e9n destaca por su ubicaci\u00f3n estrat\u00e9gica, que ofrece vistas panor\u00e1micas del estrecho del B\u00f3sforo, el Cuerno de Oro y el mar de M\u00e1rmara.<\/p>\n<p><strong>Maravilla arquitect\u00f3nica:<\/strong> El palacio Topkap\u0131 es una impresionante mezcla de estilos arquitect\u00f3nicos, con influencias bizantinas, isl\u00e1micas y otomanas. El complejo consta de varios patios, pabellones y salas, cada uno de ellos dise\u00f1ado con meticulosa atenci\u00f3n al detalle. El har\u00e9n, en particular, es una secci\u00f3n cautivadora que desvela la vida privada de los sultanes y sus familias.<\/p>\n<p><strong>Colecciones intrigantes:<\/strong> Los visitantes del palacio de Topkapi tienen la oportunidad de explorar una gran cantidad de objetos hist\u00f3ricos, como trajes reales, joyas, armas y manuscritos. El Tesoro, en particular, alberga una colecci\u00f3n sin parang\u00f3n de joyas de valor incalculable, como la famosa Daga de Topkapi y el Diamante del Cuchillero.<\/p>\n<p><strong>Jardines y patios:<\/strong> El palacio es famoso por sus exuberantes jardines y serenos patios, que proporcionan una tranquila escapada de la bulliciosa ciudad. El Jard\u00edn Imperial, con sus coloridas flores y fuentes, es un lugar popular para la relajaci\u00f3n y la reflexi\u00f3n.<\/p>\n<p><strong>Una ventana a la cultura otomana:<\/strong> El palacio de Topkap\u0131 ofrece una visi\u00f3n \u00fanica de la cultura y la vida cotidiana otomanas. Los visitantes pueden admirar intrincados azulejos de cer\u00e1mica, caligraf\u00eda y exquisita cer\u00e1mica de Iznik por todo el complejo. El palacio tambi\u00e9n alberga exposiciones y eventos que profundizan en la historia y el arte del Imperio Otomano.<\/p>\n<p><strong>Informaci\u00f3n pr\u00e1ctica:<\/strong><\/p>\n<ul>\n<li>Direcci\u00f3n: Topkap\u0131 Saray\u0131, Cankurtaran Mh., 34122 Fatih\/\u0130stanbul, Turqu\u00eda.<\/li>\n<li>Horario de apertura: El palacio Topkap\u0131 est\u00e1 abierto a los visitantes de 9:00 a 18:45 (del 15 de abril al 1 de octubre) y de 9:00 a 16:45 (del 2 de octubre al 14 de abril). El palacio cierra los martes.<\/li>\n<li>Tarifas: Los precios de las entradas var\u00edan, con descuentos para estudiantes y personas mayores.<\/li>\n<\/ul>\n<p>El Palacio Topkap\u0131 es un cautivador tesoro hist\u00f3rico que invita a los visitantes a sumergirse en la grandeza del Imperio Otomano. Su rica historia, su impresionante arquitectura y sus exquisitas colecciones lo convierten en un destino de visita obligada para cualquiera que explore la vibrante ciudad de Estambul.<\/p>","protected":false},"excerpt":{"rendered":"<p>El Palacio Topkap\u0131, situado en el coraz\u00f3n de Estambul (Turqu\u00eda), es un magn\u00edfico complejo hist\u00f3rico que ofrece un fascinante viaje por el opulento mundo del Imperio Otomano. Este emblem\u00e1tico palacio, que fue la residencia principal de los sultanes otomanos durante m\u00e1s de 400 a\u00f1os, es un testimonio de la rica historia y la grandeza del imperio.<\/p>","protected":false},"featured_media":8169,"comment_status":"open","ping_status":"closed","template":"","meta":[],"product_cat":[50],"product_tag":[],"class_list":{"0":"post-8165","1":"product","2":"type-product","3":"status-publish","4":"has-post-thumbnail","6":"product_cat-tour","8":"first","9":"instock","10":"featured","11":"shipping-taxable","12":"purchasable","13":"product-type-ovabrw_car_rental"},"_links":{"self":[{"href":"https:\/\/turkeyhistoricaltours.com\/es\/wp-json\/wp\/v2\/product\/8165","targetHints":{"allow":["GET"]}}],"collection":[{"href":"https:\/\/turkeyhistoricaltours.com\/es\/wp-json\/wp\/v2\/product"}],"about":[{"href":"https:\/\/turkeyhistoricaltours.com\/es\/wp-json\/wp\/v2\/types\/product"}],"replies":[{"embeddable":true,"href":"https:\/\/turkeyhistoricaltours.com\/es\/wp-json\/wp\/v2\/comments?post=8165"}],"version-history":[{"count":1,"href":"https:\/\/turkeyhistoricaltours.com\/es\/wp-json\/wp\/v2\/product\/8165\/revisions"}],"predecessor-version":[{"id":8171,"href":"https:\/\/turkeyhistoricaltours.com\/es\/wp-json\/wp\/v2\/product\/8165\/revisions\/8171"}],"wp:featuredmedia":[{"embeddable":true,"href":"https:\/\/turkeyhistoricaltours.com\/es\/wp-json\/wp\/v2\/media\/8169"}],"wp:attachment":[{"href":"https:\/\/turkeyhistoricaltours.com\/es\/wp-json\/wp\/v2\/media?parent=8165"}],"wp:term":[{"taxonomy":"product_cat","embeddable":true,"href":"https:\/\/turkeyhistoricaltours.com\/es\/wp-json\/wp\/v2\/product_cat?post=8165"},{"taxonomy":"product_tag","embeddable":true,"href":"https:\/\/turkeyhistoricaltours.com\/es\/wp-json\/wp\/v2\/product_tag?post=8165"}],"curies":[{"name":"wp","href":"https:\/\/api.w.org\/{rel}","templated":true}]}}