{"id":8148,"date":"2023-11-30T10:21:02","date_gmt":"2023-11-30T07:21:02","guid":{"rendered":"https:\/\/turkeyhistoricaltours.com\/?post_type=product&#038;p=8148"},"modified":"2024-02-11T20:33:09","modified_gmt":"2024-02-11T17:33:09","slug":"hagia-sofia","status":"publish","type":"product","link":"https:\/\/turkeyhistoricaltours.com\/es\/producto\/hagia-sofia\/","title":{"rendered":"Visita a Santa Sof\u00eda"},"content":{"rendered":"<p><strong>Mezquita de Santa Sof\u00eda: Una maravilla de historia y arquitectura en Estambul<\/strong><\/p>\n<p>Estambul, la fascinante ciudad donde Oriente se encuentra con Occidente, posee abundantes tesoros hist\u00f3ricos y culturales. Entre sus monumentos m\u00e1s emblem\u00e1ticos se encuentra la mezquita de Santa Sof\u00eda, una magn\u00edfica estructura que ha sido testigo de siglos de historia y transformaci\u00f3n. Esta obra maestra de la arquitectura es un destino de visita obligada para cualquiera que explore el rico tapiz de Estambul.<\/p>\n<p><strong>Importancia hist\u00f3rica:<\/strong> La mezquita de Santa Sof\u00eda, originalmente conocida como catedral de Santa Sof\u00eda, tiene una historia de m\u00e1s de 1.500 a\u00f1os. Se construy\u00f3 en el a\u00f1o 537 d.C., durante el reinado del emperador bizantino Justiniano I, y fue una catedral ortodoxa oriental durante casi 1.000 a\u00f1os. Fue la catedral m\u00e1s grande del mundo en el momento de su finalizaci\u00f3n y es famosa por sus innovaciones arquitect\u00f3nicas pioneras.<\/p>\n<p><strong>Maravilla arquitect\u00f3nica:<\/strong> Lo que distingue a Santa Sof\u00eda es su incre\u00edble dise\u00f1o arquitect\u00f3nico. La enorme c\u00fapula, que fue una obra de ingenier\u00eda pionera en su \u00e9poca, es una aut\u00e9ntica maravilla para la vista. El interior est\u00e1 adornado con intrincados mosaicos, columnas de m\u00e1rmol y una impresionante interacci\u00f3n de luz y espacio. La arquitectura de la mezquita combina a la perfecci\u00f3n elementos de los estilos bizantino y otomano, reflejo de su rica historia.<\/p>\n<p><strong>Patrimonio cultural:<\/strong> A lo largo de su dilatada historia, Santa Sof\u00eda ha pasado de catedral a mezquita. En 1453, cuando el Imperio Otomano conquist\u00f3 Constantinopla (actual Estambul), se convirti\u00f3 en mezquita, y sigui\u00f3 si\u00e9ndolo durante casi 500 a\u00f1os. En 1935, bajo la Rep\u00fablica de Turqu\u00eda, se transform\u00f3 en museo como parte de los esfuerzos de modernizaci\u00f3n. Sin embargo, en 2020 volvi\u00f3 a reconvertirse en mezquita, marcando un momento significativo en la historia de la ciudad.<\/p>\n<p><strong>Visita a la Mezquita de Santa Sof\u00eda:<\/strong> En la actualidad, la mezquita de Santa Sof\u00eda es un s\u00edmbolo del rico patrimonio cultural de Estambul. Los visitantes pueden explorar su impresionante interior, que presenta una mezcla de caligraf\u00eda isl\u00e1mica y mosaicos cristianos. La mezquita est\u00e1 abierta al p\u00fablico, y puede consultar los horarios de visita y el precio de la entrada antes de visitarla.<\/p>","protected":false},"excerpt":{"rendered":"<p>Estambul, la fascinante ciudad donde Oriente se encuentra con Occidente, posee abundantes tesoros hist\u00f3ricos y culturales. Entre sus monumentos m\u00e1s emblem\u00e1ticos se encuentra la mezquita de Santa Sof\u00eda, una magn\u00edfica estructura que ha sido testigo de siglos de historia y transformaci\u00f3n.<\/p>","protected":false},"featured_media":8152,"comment_status":"open","ping_status":"closed","template":"","meta":[],"product_cat":[50],"product_tag":[],"class_list":{"0":"post-8148","1":"product","2":"type-product","3":"status-publish","4":"has-post-thumbnail","6":"product_cat-tour","8":"first","9":"instock","10":"featured","11":"shipping-taxable","12":"purchasable","13":"product-type-ovabrw_car_rental"},"_links":{"self":[{"href":"https:\/\/turkeyhistoricaltours.com\/es\/wp-json\/wp\/v2\/product\/8148","targetHints":{"allow":["GET"]}}],"collection":[{"href":"https:\/\/turkeyhistoricaltours.com\/es\/wp-json\/wp\/v2\/product"}],"about":[{"href":"https:\/\/turkeyhistoricaltours.com\/es\/wp-json\/wp\/v2\/types\/product"}],"replies":[{"embeddable":true,"href":"https:\/\/turkeyhistoricaltours.com\/es\/wp-json\/wp\/v2\/comments?post=8148"}],"version-history":[{"count":1,"href":"https:\/\/turkeyhistoricaltours.com\/es\/wp-json\/wp\/v2\/product\/8148\/revisions"}],"predecessor-version":[{"id":8163,"href":"https:\/\/turkeyhistoricaltours.com\/es\/wp-json\/wp\/v2\/product\/8148\/revisions\/8163"}],"wp:featuredmedia":[{"embeddable":true,"href":"https:\/\/turkeyhistoricaltours.com\/es\/wp-json\/wp\/v2\/media\/8152"}],"wp:attachment":[{"href":"https:\/\/turkeyhistoricaltours.com\/es\/wp-json\/wp\/v2\/media?parent=8148"}],"wp:term":[{"taxonomy":"product_cat","embeddable":true,"href":"https:\/\/turkeyhistoricaltours.com\/es\/wp-json\/wp\/v2\/product_cat?post=8148"},{"taxonomy":"product_tag","embeddable":true,"href":"https:\/\/turkeyhistoricaltours.com\/es\/wp-json\/wp\/v2\/product_tag?post=8148"}],"curies":[{"name":"wp","href":"https:\/\/api.w.org\/{rel}","templated":true}]}}