{"id":6066,"date":"2023-04-13T04:22:17","date_gmt":"2023-04-13T04:22:17","guid":{"rendered":"https:\/\/demo.ovatheme.com\/tripgo\/?post_type=product&#038;p=6066"},"modified":"2024-02-11T20:33:59","modified_gmt":"2024-02-11T17:33:59","slug":"basilica-cistern-visit","status":"publish","type":"product","link":"https:\/\/turkeyhistoricaltours.com\/es\/producto\/basilica-cistern-visit\/","title":{"rendered":"Visita a la Cisterna de la Bas\u00edlica"},"content":{"rendered":"<p><strong>La Cisterna Bas\u00edlica: Una maravilla subterr\u00e1nea en Estambul<\/strong><\/p>\n<p>Estambul, una ciudad con una historia rica y rica, esconde muchas joyas bajo sus bulliciosas calles. Una de ellas es la Cisterna Bas\u00edlica, tambi\u00e9n conocida en turco como \"Yerebatan Sarn\u0131c\u0131\". Este antiguo dep\u00f3sito subterr\u00e1neo de agua es un testimonio de la ingenier\u00eda bizantina y una atracci\u00f3n de visita obligada para cualquiera que explore el hist\u00f3rico barrio de Sultanahmet de Estambul.<\/p>\n<p><strong>Importancia hist\u00f3rica:<\/strong> La Cisterna Bas\u00edlica se construy\u00f3 en el siglo VI durante el reinado del emperador Justiniano I. Serv\u00eda como sistema vital de suministro de agua para el palacio bizantino y otros edificios de la zona. El nombre de la cisterna, Yerebatan Sarn\u0131c\u0131, se traduce como \"cisterna hundida\" en turco, lo que refleja su ubicaci\u00f3n subterr\u00e1nea oculta.<\/p>\n<p><strong>Esplendor arquitect\u00f3nico:<\/strong> Lo que distingue a la Cisterna Bas\u00edlica es su extraordinaria arquitectura. Ocupa una superficie aproximada de 9.800 metros cuadrados y puede contener hasta 80.000 metros c\u00fabicos de agua. Lo m\u00e1s llamativo son las 336 columnas que sostienen el enorme techo de piedra de la cisterna. Muchas de ellas proceden de estructuras antiguas, por lo que la cisterna es una fascinante mezcla de elementos arquitect\u00f3nicos romanos y bizantinos.<\/p>\n<p><strong>Cabezas de Medusa:<\/strong> Al explorar la cisterna, observar\u00e1 que dos de las columnas tienen cabezas de Medusa en sus bases. Se cree que la colocaci\u00f3n de estas cabezas al rev\u00e9s y de lado fue intencionada y ha intrigado a los visitantes durante siglos. El origen de estas cabezas de Medusa sigue siendo un misterio, lo que a\u00f1ade un aire m\u00edstico a la cisterna.<\/p>\n<p><strong>Atm\u00f3sfera y ambiente:<\/strong> Visitar la Cisterna Bas\u00edlica es como adentrarse en un mundo diferente. El interior de la cisterna est\u00e1 tenuemente iluminado y el sonido del agua que gotea crea una atm\u00f3sfera tranquila. Las pasarelas de madera permiten a los visitantes pasear junto a las columnas, ofreciendo una perspectiva \u00fanica de esta maravilla subterr\u00e1nea.<\/p>\n<p><strong>Importancia cultural:<\/strong> A lo largo de los a\u00f1os, la Cisterna Bas\u00edlica ha aparecido en varios libros, pel\u00edculas y referencias culturales. Tambi\u00e9n ha desempe\u00f1ado un papel en el sistema de abastecimiento de agua de Estambul durante siglos. Hoy es un s\u00edmbolo de la riqueza hist\u00f3rica y arquitect\u00f3nica de Estambul.<\/p>\n<p><strong>Visita a la Cisterna de la Bas\u00edlica:<\/strong> La Cisterna Bas\u00edlica se encuentra en el barrio de Sultanahmet, por lo que es f\u00e1cilmente accesible para los turistas. Durante la visita, no deje de explorar los rincones de la cisterna y t\u00f3mese su tiempo para apreciar su grandeza. Es aconsejable comprobar los horarios de apertura y las tarifas de entrada antes de la visita, ya que pueden variar.<\/p>\n<p>En conclusi\u00f3n, la Cisterna Bas\u00edlica, o Yerebatan Sarn\u0131c\u0131, es un tesoro escondido bajo las bulliciosas calles de Estambul. Su importancia hist\u00f3rica, su maravilla arquitect\u00f3nica y su ambiente \u00fanico la convierten en una atracci\u00f3n de visita obligada para cualquiera que explore esta vibrante ciudad. No pierda la oportunidad de retroceder en el tiempo y maravillarse con esta maravilla subterr\u00e1nea que muestra el ingenio de la \u00e9poca bizantina.<\/p>","protected":false},"excerpt":{"rendered":"<p>Estambul, una ciudad con una historia rica y rica, esconde muchas joyas bajo sus bulliciosas calles. Una de ellas es la Cisterna Bas\u00edlica, tambi\u00e9n conocida como \"Yerebatan Sarn\u0131c\u0131\" en turco.<\/p>","protected":false},"featured_media":8141,"comment_status":"open","ping_status":"closed","template":"","meta":[],"product_cat":[50],"product_tag":[],"class_list":{"0":"post-6066","1":"product","2":"type-product","3":"status-publish","4":"has-post-thumbnail","6":"product_cat-tour","8":"first","9":"instock","10":"featured","11":"shipping-taxable","12":"purchasable","13":"product-type-ovabrw_car_rental"},"_links":{"self":[{"href":"https:\/\/turkeyhistoricaltours.com\/es\/wp-json\/wp\/v2\/product\/6066","targetHints":{"allow":["GET"]}}],"collection":[{"href":"https:\/\/turkeyhistoricaltours.com\/es\/wp-json\/wp\/v2\/product"}],"about":[{"href":"https:\/\/turkeyhistoricaltours.com\/es\/wp-json\/wp\/v2\/types\/product"}],"replies":[{"embeddable":true,"href":"https:\/\/turkeyhistoricaltours.com\/es\/wp-json\/wp\/v2\/comments?post=6066"}],"version-history":[{"count":2,"href":"https:\/\/turkeyhistoricaltours.com\/es\/wp-json\/wp\/v2\/product\/6066\/revisions"}],"predecessor-version":[{"id":8164,"href":"https:\/\/turkeyhistoricaltours.com\/es\/wp-json\/wp\/v2\/product\/6066\/revisions\/8164"}],"wp:featuredmedia":[{"embeddable":true,"href":"https:\/\/turkeyhistoricaltours.com\/es\/wp-json\/wp\/v2\/media\/8141"}],"wp:attachment":[{"href":"https:\/\/turkeyhistoricaltours.com\/es\/wp-json\/wp\/v2\/media?parent=6066"}],"wp:term":[{"taxonomy":"product_cat","embeddable":true,"href":"https:\/\/turkeyhistoricaltours.com\/es\/wp-json\/wp\/v2\/product_cat?post=6066"},{"taxonomy":"product_tag","embeddable":true,"href":"https:\/\/turkeyhistoricaltours.com\/es\/wp-json\/wp\/v2\/product_tag?post=6066"}],"curies":[{"name":"wp","href":"https:\/\/api.w.org\/{rel}","templated":true}]}}