{"id":8400,"date":"2024-02-20T20:49:50","date_gmt":"2024-02-20T17:49:50","guid":{"rendered":"https:\/\/turkeyhistoricaltours.com\/?page_id=8400"},"modified":"2024-02-20T21:03:14","modified_gmt":"2024-02-20T18:03:14","slug":"hair-transplant","status":"publish","type":"page","link":"https:\/\/turkeyhistoricaltours.com\/es\/hair-transplant\/","title":{"rendered":"Trasplante capilar"},"content":{"rendered":"<div data-elementor-type=\"wp-page\" data-elementor-id=\"8400\" class=\"elementor elementor-8400\">\n\t\t\t\t<div class=\"elementor-element elementor-element-71f8daf e-con-full e-flex e-con e-parent\" data-id=\"71f8daf\" data-element_type=\"container\">\n\t\t<div class=\"elementor-element elementor-element-d221982 e-con-full e-flex e-con e-child\" data-id=\"d221982\" data-element_type=\"container\">\n\t\t\t\t<div class=\"elementor-element elementor-element-269e4be elementor-widget elementor-widget-image\" data-id=\"269e4be\" data-element_type=\"widget\" data-widget_type=\"image.default\">\n\t\t\t\t<div class=\"elementor-widget-container\">\n\t\t\t\t\t\t\t\t\t\t\t\t\t\t\t<img fetchpriority=\"high\" decoding=\"async\" width=\"800\" height=\"534\" src=\"https:\/\/turkeyhistoricaltours.com\/wp-content\/uploads\/2024\/02\/hair-transplant-istanbul.jpg\" class=\"attachment-large size-large wp-image-8408\" alt=\"\" srcset=\"https:\/\/turkeyhistoricaltours.com\/wp-content\/uploads\/2024\/02\/hair-transplant-istanbul.jpg 1000w, https:\/\/turkeyhistoricaltours.com\/wp-content\/uploads\/2024\/02\/hair-transplant-istanbul-300x200.jpg 300w, https:\/\/turkeyhistoricaltours.com\/wp-content\/uploads\/2024\/02\/hair-transplant-istanbul-768x512.jpg 768w, https:\/\/turkeyhistoricaltours.com\/wp-content\/uploads\/2024\/02\/hair-transplant-istanbul-636x426.jpg 636w, https:\/\/turkeyhistoricaltours.com\/wp-content\/uploads\/2024\/02\/hair-transplant-istanbul-600x400.jpg 600w\" sizes=\"(max-width: 800px) 100vw, 800px\" \/>\t\t\t\t\t\t\t\t\t\t\t\t\t\t\t<\/div>\n\t\t\t\t<\/div>\n\t\t\t\t<\/div>\n\t\t<div class=\"elementor-element elementor-element-23a8be0 e-con-full e-flex e-con e-child\" data-id=\"23a8be0\" data-element_type=\"container\">\n\t\t\t\t<div class=\"elementor-element elementor-element-92594e7 elementor-widget elementor-widget-tripgo_elementor_heading\" data-id=\"92594e7\" data-element_type=\"widget\" data-widget_type=\"tripgo_elementor_heading.default\">\n\t\t\t\t<div class=\"elementor-widget-container\">\n\t\t\t\t\t\t\t<div class=\"ova-title\">\n\n\t\t\t\n\t\t\t\t\t\t\t\n\t\t\t\t\t<h2 class=\"title\">Bienvenido a Istanbul Hair Transplant Center - Su principal destino para la restauraci\u00f3n capilar<\/h2>\n\t\t\t\t\t\t\t\n\t\t\t\n\t\t<\/div> \n\t\t \t\n\t\t\t\t\t\t<\/div>\n\t\t\t\t<\/div>\n\t\t\t\t<div class=\"elementor-element elementor-element-69d136d elementor-widget elementor-widget-text-editor\" data-id=\"69d136d\" data-element_type=\"widget\" data-widget_type=\"text-editor.default\">\n\t\t\t\t<div class=\"elementor-widget-container\">\n\t\t\t\t\t\t\t\t\t<p>\u00bfEst\u00e1 buscando la soluci\u00f3n perfecta para sus problemas de ca\u00edda del cabello? \u00a1No busque m\u00e1s! Istanbul Hair Transplant Center es su destino definitivo para servicios de restauraci\u00f3n capilar de primera categor\u00eda. Situado en la vibrante ciudad de Estambul, nuestra cl\u00ednica se destaca como el pin\u00e1culo de la excelencia en el campo del trasplante de cabello.<\/p><p><strong>Experimente el Tour del Trasplante Capilar de Estambul<\/strong><\/p><p>Emb\u00e1rquese en un viaje transformador con nuestro exclusivo Istanbul Hair Transplant Tour. Explore la encantadora ciudad de Estambul mientras se somete a su procedimiento de restauraci\u00f3n capilar. Con nuestro paquete todo incluido, podr\u00e1 disfrutar de la rica cultura, historia y hospitalidad de Estambul, al tiempo que rejuvenece su aspecto.<\/p>\t\t\t\t\t\t\t\t<\/div>\n\t\t\t\t<\/div>\n\t\t\t\t<\/div>\n\t\t\t\t<\/div>\n\t\t<div class=\"elementor-element elementor-element-63f34c0c e-con-full e-flex e-con e-parent\" data-id=\"63f34c0c\" data-element_type=\"container\">\n\t\t<div class=\"elementor-element elementor-element-4da2f961 e-con-full e-flex e-con e-child\" data-id=\"4da2f961\" data-element_type=\"container\">\n\t\t\t\t<div class=\"elementor-element elementor-element-8d55d6d elementor-widget elementor-widget-shortcode\" data-id=\"8d55d6d\" data-element_type=\"widget\" data-widget_type=\"shortcode.default\">\n\t\t\t\t<div class=\"elementor-widget-container\">\n\t\t\t\t\t\t\t<div class=\"elementor-shortcode\">\n<div class=\"wpcf7 no-js\" id=\"wpcf7-f8329-o1\" lang=\"en-US\" dir=\"ltr\" data-wpcf7-id=\"8329\">\n<div class=\"screen-reader-response\"><p role=\"status\" aria-live=\"polite\" aria-atomic=\"true\"><\/p> <ul><\/ul><\/div>\n<form action=\"\/es\/wp-json\/wp\/v2\/pages\/8400#wpcf7-f8329-o1\" method=\"post\" class=\"wpcf7-form init\" aria-label=\"Formulario de contacto\" novalidate=\"novalidate\" data-status=\"init\" data-trp-original-action=\"\/es\/wp-json\/wp\/v2\/pages\/8400#wpcf7-f8329-o1\">\n<div style=\"display: none;\">\n<input type=\"hidden\" name=\"_wpcf7\" value=\"8329\" \/>\n<input type=\"hidden\" name=\"_wpcf7_version\" value=\"6.0.2\" \/>\n<input type=\"hidden\" name=\"_wpcf7_locale\" value=\"en_US\" \/>\n<input type=\"hidden\" name=\"_wpcf7_unit_tag\" value=\"wpcf7-f8329-o1\" \/>\n<input type=\"hidden\" name=\"_wpcf7_container_post\" value=\"0\" \/>\n<input type=\"hidden\" name=\"_wpcf7_posted_data_hash\" value=\"\" \/>\n<\/div>\n<div class=\"ova-wpcf7 ova-contact-page\">\n\t<div class=\"text-email\">\n\t\t<div class=\"ova-text\">\n\t\t\t<p><span class=\"wpcf7-form-control-wrap\" data-name=\"your-name\"><input size=\"40\" maxlength=\"400\" class=\"wpcf7-form-control wpcf7-text wpcf7-validates-as-required name\" aria-required=\"true\" aria-invalid=\"false\" placeholder=\"Nombre Apellido *\" value=\"\" type=\"text\" name=\"your-name\" \/><\/span>\n\t\t\t<\/p>\n\t\t<\/div>\n\t\t<div class=\"ova-email\">\n\t\t\t<p><span class=\"wpcf7-form-control-wrap\" data-name=\"your-email\"><input size=\"40\" maxlength=\"400\" class=\"wpcf7-form-control wpcf7-email wpcf7-validates-as-required wpcf7-text wpcf7-validates-as-email email\" aria-required=\"true\" aria-invalid=\"false\" placeholder=\"Correo electr\u00f3nico *\" value=\"\" type=\"email\" name=\"your-email\" \/><\/span>\n\t\t\t<\/p>\n\t\t<\/div>\n\t<\/div>\n\t<div class=\"text-email\">\n\t\t<div class=\"ova-text\">\n\t\t\t<p><span class=\"wpcf7-form-control-wrap\" data-name=\"your-phone\"><input size=\"40\" maxlength=\"400\" class=\"wpcf7-form-control wpcf7-text wpcf7-validates-as-required name\" aria-required=\"true\" aria-invalid=\"false\" placeholder=\"N\u00famero de tel\u00e9fono *\" value=\"\" type=\"text\" name=\"your-phone\" \/><\/span>\n\t\t\t<\/p>\n\t\t<\/div>\n\t\t<div class=\"ova-text\">\n\t\t\t<p><span class=\"wpcf7-form-control-wrap\" data-name=\"your-country\"><input size=\"40\" maxlength=\"400\" class=\"wpcf7-form-control wpcf7-text wpcf7-validates-as-required name\" aria-required=\"true\" aria-invalid=\"false\" placeholder=\"Pa\u00eds *\" value=\"\" type=\"text\" name=\"your-country\" \/><\/span>\n\t\t\t<\/p>\n\t\t<\/div>\n\t<\/div>\n\t<div class=\"text-email\">\n\t\t<div class=\"ova-text\">\n\t\t\t<p><span class=\"wpcf7-form-control-wrap\" data-name=\"your-treatment-date\"><input size=\"40\" maxlength=\"400\" class=\"wpcf7-form-control wpcf7-text wpcf7-validates-as-required name\" aria-required=\"true\" aria-invalid=\"false\" placeholder=\"Intervalo de fechas en el que puede iniciar el tratamiento *\" value=\"\" type=\"text\" name=\"your-treatment-date\" \/><\/span>\n\t\t\t<\/p>\n\t\t<\/div>\n\t\t<div class=\"ova-subject\">\n\t\t\t<p><span class=\"wpcf7-form-control-wrap\" data-name=\"your-subject\"><input size=\"40\" maxlength=\"400\" class=\"wpcf7-form-control wpcf7-text subject\" aria-invalid=\"false\" placeholder=\"Asunto\" value=\"\" type=\"text\" name=\"your-subject\" \/><\/span>\n\t\t\t<\/p>\n\t\t<\/div>\n\t<\/div>\n\t<div class=\"ova-textarea\">\n\t\t<p><span class=\"wpcf7-form-control-wrap\" data-name=\"your-message\"><textarea cols=\"40\" rows=\"10\" maxlength=\"2000\" class=\"wpcf7-form-control wpcf7-textarea comment\" aria-invalid=\"false\" placeholder=\"\u00bfPodr\u00eda explicar brevemente su malestar?\" name=\"your-message\"><\/textarea><\/span>\n\t\t<\/p>\n\t<\/div>\n\t<div class=\"ova-submit ova-contact-submit\">\n\t\t<p><button type=\"submit\" class=\"wpcf7-form-control has-spinner wpcf7-submit\"><span>Enviar<\/span><\/button>\n\t\t<\/p>\n\t<\/div>\n<\/div><div class=\"wpcf7-response-output\" aria-hidden=\"true\"><\/div>\n<input type=\"hidden\" name=\"trp-form-language\" value=\"es\"\/><\/form>\n<\/div>\n<\/div>\n\t\t\t\t\t\t<\/div>\n\t\t\t\t<\/div>\n\t\t\t\t<\/div>\n\t\t<div class=\"elementor-element elementor-element-3feab3a2 e-con-full e-flex e-con e-child\" data-id=\"3feab3a2\" data-element_type=\"container\">\n\t\t\t\t<div class=\"elementor-element elementor-element-2b514be5 elementor-widget elementor-widget-image\" data-id=\"2b514be5\" data-element_type=\"widget\" data-widget_type=\"image.default\">\n\t\t\t\t<div class=\"elementor-widget-container\">\n\t\t\t\t\t\t\t\t\t\t\t\t\t\t\t<img decoding=\"async\" width=\"800\" height=\"534\" src=\"https:\/\/turkeyhistoricaltours.com\/wp-content\/uploads\/2024\/02\/kx.jpg\" class=\"attachment-large size-large wp-image-8402\" alt=\"\" srcset=\"https:\/\/turkeyhistoricaltours.com\/wp-content\/uploads\/2024\/02\/kx.jpg 1000w, https:\/\/turkeyhistoricaltours.com\/wp-content\/uploads\/2024\/02\/kx-300x200.jpg 300w, https:\/\/turkeyhistoricaltours.com\/wp-content\/uploads\/2024\/02\/kx-768x512.jpg 768w, https:\/\/turkeyhistoricaltours.com\/wp-content\/uploads\/2024\/02\/kx-636x426.jpg 636w, https:\/\/turkeyhistoricaltours.com\/wp-content\/uploads\/2024\/02\/kx-600x400.jpg 600w\" sizes=\"(max-width: 800px) 100vw, 800px\" \/>\t\t\t\t\t\t\t\t\t\t\t\t\t\t\t<\/div>\n\t\t\t\t<\/div>\n\t\t\t\t<\/div>\n\t\t\t\t<\/div>\n\t\t\t\t<\/div>","protected":false},"excerpt":{"rendered":"<p>Bienvenido a Estambul Hair Transplant Center - Su principal destino para la restauraci\u00f3n del cabello \u00bfEst\u00e1 buscando la soluci\u00f3n perfecta para sus problemas de p\u00e9rdida de cabello? \u00a1No busque m\u00e1s! El Centro de Trasplante Capilar de Estambul es su destino definitivo para servicios de restauraci\u00f3n capilar de primera categor\u00eda. Situado en la vibrante ciudad de Estambul, nuestra cl\u00ednica se destaca como el pin\u00e1culo de [...]<\/p>","protected":false},"author":1,"featured_media":0,"parent":0,"menu_order":0,"comment_status":"closed","ping_status":"closed","template":"","meta":{"footnotes":""},"class_list":["post-8400","page","type-page","status-publish","hentry"],"_links":{"self":[{"href":"https:\/\/turkeyhistoricaltours.com\/es\/wp-json\/wp\/v2\/pages\/8400","targetHints":{"allow":["GET"]}}],"collection":[{"href":"https:\/\/turkeyhistoricaltours.com\/es\/wp-json\/wp\/v2\/pages"}],"about":[{"href":"https:\/\/turkeyhistoricaltours.com\/es\/wp-json\/wp\/v2\/types\/page"}],"author":[{"embeddable":true,"href":"https:\/\/turkeyhistoricaltours.com\/es\/wp-json\/wp\/v2\/users\/1"}],"replies":[{"embeddable":true,"href":"https:\/\/turkeyhistoricaltours.com\/es\/wp-json\/wp\/v2\/comments?post=8400"}],"version-history":[{"count":7,"href":"https:\/\/turkeyhistoricaltours.com\/es\/wp-json\/wp\/v2\/pages\/8400\/revisions"}],"predecessor-version":[{"id":8411,"href":"https:\/\/turkeyhistoricaltours.com\/es\/wp-json\/wp\/v2\/pages\/8400\/revisions\/8411"}],"wp:attachment":[{"href":"https:\/\/turkeyhistoricaltours.com\/es\/wp-json\/wp\/v2\/media?parent=8400"}],"curies":[{"name":"wp","href":"https:\/\/api.w.org\/{rel}","templated":true}]}}